{"id":2581,"date":"2025-12-22T19:39:45","date_gmt":"2025-12-22T18:39:45","guid":{"rendered":"https:\/\/the-starembassy.com\/pl\/?page_id=2581"},"modified":"2026-02-23T18:04:41","modified_gmt":"2026-02-23T17:04:41","slug":"kosmiczne-opowiesci-dla-dzieci","status":"publish","type":"page","link":"https:\/\/the-starembassy.com\/pl\/kosmiczne-opowiesci-dla-dzieci\/","title":{"rendered":"Kosmiczne Opowie\u015bci dla Dzieci"},"content":{"rendered":"\t\t<div data-elementor-type=\"wp-page\" data-elementor-id=\"2581\" class=\"elementor elementor-2581\">\n\t\t\t\t<div class=\"elementor-element elementor-element-651793a elementor-hidden-desktop e-flex e-con-boxed wpr-particle-no wpr-jarallax-no wpr-parallax-no wpr-sticky-section-no e-con e-parent\" data-id=\"651793a\" data-element_type=\"container\" data-e-type=\"container\" data-settings=\"{&quot;background_background&quot;:&quot;classic&quot;}\">\n\t\t\t\t\t<div class=\"e-con-inner\">\n\t\t\t\t<div class=\"elementor-element elementor-element-81d79bb elementor-widget elementor-widget-spacer\" data-id=\"81d79bb\" data-element_type=\"widget\" data-e-type=\"widget\" data-widget_type=\"spacer.default\">\n\t\t\t\t<div class=\"elementor-widget-container\">\n\t\t\t\t\t\t\t<div class=\"elementor-spacer\">\n\t\t\t<div class=\"elementor-spacer-inner\"><\/div>\n\t\t<\/div>\n\t\t\t\t\t\t<\/div>\n\t\t\t\t<\/div>\n\t\t\t\t\t<\/div>\n\t\t\t\t<\/div>\n\t\t<div class=\"elementor-element elementor-element-582fca7 e-flex e-con-boxed wpr-particle-no wpr-jarallax-no wpr-parallax-no wpr-sticky-section-no e-con e-parent\" data-id=\"582fca7\" data-element_type=\"container\" data-e-type=\"container\" data-settings=\"{&quot;background_background&quot;:&quot;classic&quot;}\">\n\t\t\t\t\t<div class=\"e-con-inner\">\n\t\t\t\t\t<\/div>\n\t\t\t\t<\/div>\n\t\t<div class=\"elementor-element elementor-element-e5c61f7 e-flex e-con-boxed wpr-particle-no wpr-jarallax-no wpr-parallax-no wpr-sticky-section-no e-con e-parent\" data-id=\"e5c61f7\" data-element_type=\"container\" data-e-type=\"container\" data-settings=\"{&quot;background_background&quot;:&quot;classic&quot;}\">\n\t\t\t\t\t<div class=\"e-con-inner\">\n\t\t\t\t<div class=\"elementor-element elementor-element-e10908c elementor-widget elementor-widget-heading\" data-id=\"e10908c\" data-element_type=\"widget\" data-e-type=\"widget\" data-widget_type=\"heading.default\">\n\t\t\t\t<div class=\"elementor-widget-container\">\n\t\t\t\t\t<h1 class=\"elementor-heading-title elementor-size-default\">Kosmiczne Opowie\u015bci dla Dzieci<\/h1>\t\t\t\t<\/div>\n\t\t\t\t<\/div>\n\t\t\t\t<div class=\"elementor-element elementor-element-e0aa73b elementor-widget elementor-widget-heading\" data-id=\"e0aa73b\" data-element_type=\"widget\" data-e-type=\"widget\" data-widget_type=\"heading.default\">\n\t\t\t\t<div class=\"elementor-widget-container\">\n\t\t\t\t\t<h2 class=\"elementor-heading-title elementor-size-default\">Inspiruj\u0105ce ciekawo\u015b\u0107 i zaciekawienie Wszech\u015bwiatem<\/h2>\t\t\t\t<\/div>\n\t\t\t\t<\/div>\n\t\t\t\t\t<\/div>\n\t\t\t\t<\/div>\n\t\t<div class=\"elementor-element elementor-element-c7dfbc7 e-flex e-con-boxed wpr-particle-no wpr-jarallax-no wpr-parallax-no wpr-sticky-section-no e-con e-parent\" data-id=\"c7dfbc7\" data-element_type=\"container\" data-e-type=\"container\" data-settings=\"{&quot;background_background&quot;:&quot;classic&quot;}\">\n\t\t\t\t\t<div class=\"e-con-inner\">\n\t\t\t\t<div class=\"elementor-element elementor-element-30c7908 elementor-widget elementor-widget-text-editor\" data-id=\"30c7908\" data-element_type=\"widget\" data-e-type=\"widget\" data-widget_type=\"text-editor.default\">\n\t\t\t\t<div class=\"elementor-widget-container\">\n\t\t\t\t\t\t\t\t\t<p>Kosmiczne Opowie\u015bci dla Dzieci to seria popularnonaukowych film\u00f3w stworzonych z my\u015bl\u0105 o dzieleniu si\u0119 fascynacj\u0105 kosmosem i astronomi\u0105 w spos\u00f3b naturalny, anga\u017cuj\u0105cy i przyst\u0119pny dla najm\u0142odszych. Opowie\u015bci wprowadzaj\u0105 dzieci w zagadnienia Wszech\u015bwiata poprzez spokojn\u0105 narracj\u0119 i jasne wyja\u015bnienia, pozwalaj\u0105c, by ciekawo\u015b\u0107 rozwija\u0142a si\u0119 w swobodny spos\u00f3b.<\/p><p>Tre\u015bci s\u0105 ugruntowane w wiedzy naukowej i astronomicznej &#8211; dotycz\u0105 planet, gwiazd, eksploracji kosmosu oraz budowy Wszech\u015bwiata &#8211; i przedstawiane s\u0105 w formie opowie\u015bci, dzi\u0119ki czemu nauka staje si\u0119 intuicyjna i przyjemna. Jednocze\u015bnie historie te delikatnie otwieraj\u0105 umys\u0142y dzieci na ciekawo\u015b\u0107 i akceptacj\u0119 idei, \u017ce \u017cycie mo\u017ce istnie\u0107 tak\u017ce poza Ziemi\u0105, zach\u0119caj\u0105c do zadawania pyta\u0144, a nie do przyjmowania gotowych odpowiedzi.<\/p><p>To podej\u015bcie jest \u015bwiadomie spokojne i dostosowane do wieku odbiorc\u00f3w. W przeciwie\u0144stwie do innych tre\u015bci tworzonych w ramach The Star Embassy, skierowanych do dojrza\u0142ego odbiorcy, Kosmiczne Opowie\u015bci dla Dzieci nie poruszaj\u0105 z\u0142o\u017conych zagadnie\u0144 dotycz\u0105cych konkretnych cywilizacji pozaziemskich, interpretacji ezoterycznych ani wielopoziomowych modeli rzeczywisto\u015bci. Nacisk k\u0142adziony jest na wyobra\u017ani\u0119, otwarto\u015b\u0107 i zachwyt nad kosmosem, zawsze w oparciu o rzetelne podstawy naukowe.<\/p><p>Rozbudzanie zainteresowania kosmosem od najm\u0142odszych lat naturalnie wspiera ciekawo\u015b\u0107, wyobra\u017ani\u0119 oraz zdolno\u015b\u0107 patrzenia na \u015bwiat z szerszej perspektywy. Zastanawianie si\u0119 nad Wszech\u015bwiatem sprzyja odkrywaniu, eksploracji i oswajaniu \u201ewielkich pyta\u0144\u201d w spokojny, bezpieczny i inspiruj\u0105cy spos\u00f3b.<\/p><p>Kosmiczne Opowie\u015bci dla Dzieci powsta\u0142y po to, aby przybli\u017ca\u0107 nauk\u0119 i astronomi\u0119 w formie inspiruj\u0105cej i przyst\u0119pnej, pozostawiaj\u0105c przestrze\u0144 na refleksj\u0119 oraz trwa\u0142e poczucie zachwytu nad Wszech\u015bwiatem, kt\u00f3rego wszyscy jeste\u015bmy cz\u0119\u015bci\u0105.<\/p><p>Odwied\u017a kana\u0142 na YouTube i wyrusz w kosmiczn\u0105 podr\u00f3\u017c razem z nami:<\/p><p><span style=\"color: #ffff00;\"><strong><a class=\"keychainify-checked\" style=\"color: #ffff00;\" href=\"https:\/\/www.youtube.com\/@BajkiKosmiczneDlaDzieci\" target=\"_blank\" rel=\"noopener\">youtube.com\/@BajkiKosmiczneDlaDzieci<\/a><\/strong><\/span><\/p>\t\t\t\t\t\t\t\t<\/div>\n\t\t\t\t<\/div>\n\t\t\t\t\t<\/div>\n\t\t\t\t<\/div>\n\t\t<div class=\"elementor-element elementor-element-486ec5b e-flex e-con-boxed wpr-particle-no wpr-jarallax-no wpr-parallax-no wpr-sticky-section-no e-con e-parent\" data-id=\"486ec5b\" data-element_type=\"container\" data-e-type=\"container\">\n\t\t\t\t\t<div class=\"e-con-inner\">\n\t\t\t\t<div class=\"elementor-element elementor-element-7d58228 elementor-widget elementor-widget-video\" data-id=\"7d58228\" data-element_type=\"widget\" data-e-type=\"widget\" data-settings=\"{&quot;youtube_url&quot;:&quot;https:\\\/\\\/www.youtube.com\\\/watch?v=CO37nihyrFU&amp;list=PLTD2HwNYmdIClhOT2Kh9nrlNJuq_BsYP1&quot;,&quot;video_type&quot;:&quot;youtube&quot;,&quot;controls&quot;:&quot;yes&quot;}\" data-widget_type=\"video.default\">\n\t\t\t\t<div class=\"elementor-widget-container\">\n\t\t\t\t\t\t\t<div class=\"elementor-wrapper elementor-open-inline\">\n\t\t\t<div class=\"elementor-video\"><\/div>\t\t<\/div>\n\t\t\t\t\t\t<\/div>\n\t\t\t\t<\/div>\n\t\t\t\t\t<\/div>\n\t\t\t\t<\/div>\n\t\t\t\t<\/div>\n\t\t","protected":false},"excerpt":{"rendered":"<p>Kosmiczne Opowie\u015bci dla Dzieci Inspiruj\u0105ce ciekawo\u015b\u0107 i zaciekawienie Wszech\u015bwiatem Kosmiczne Opowie\u015bci dla Dzieci to seria popularnonaukowych film\u00f3w stworzonych z my\u015bl\u0105 o dzieleniu si\u0119 fascynacj\u0105 kosmosem i astronomi\u0105 w spos\u00f3b naturalny, anga\u017cuj\u0105cy i przyst\u0119pny dla najm\u0142odszych. Opowie\u015bci wprowadzaj\u0105 dzieci w zagadnienia Wszech\u015bwiata poprzez spokojn\u0105 narracj\u0119 i jasne wyja\u015bnienia, pozwalaj\u0105c, by ciekawo\u015b\u0107 rozwija\u0142a si\u0119 w swobodny spos\u00f3b. Tre\u015bci s\u0105 ugruntowane w wiedzy naukowej i astronomicznej &#8211; dotycz\u0105 planet, gwiazd, eksploracji kosmosu oraz budowy Wszech\u015bwiata &#8211; i przedstawiane s\u0105 w formie opowie\u015bci, dzi\u0119ki czemu nauka staje si\u0119 intuicyjna i przyjemna. Jednocze\u015bnie historie te delikatnie otwieraj\u0105 umys\u0142y dzieci na ciekawo\u015b\u0107 i akceptacj\u0119 idei, \u017ce \u017cycie mo\u017ce istnie\u0107 tak\u017ce poza Ziemi\u0105, zach\u0119caj\u0105c do zadawania pyta\u0144, a nie do przyjmowania gotowych odpowiedzi. To podej\u015bcie jest \u015bwiadomie spokojne i dostosowane do wieku odbiorc\u00f3w. W przeciwie\u0144stwie do innych tre\u015bci tworzonych w ramach The Star Embassy, skierowanych do dojrza\u0142ego odbiorcy, Kosmiczne Opowie\u015bci dla Dzieci nie poruszaj\u0105 z\u0142o\u017conych zagadnie\u0144 dotycz\u0105cych konkretnych cywilizacji pozaziemskich, interpretacji ezoterycznych ani wielopoziomowych modeli rzeczywisto\u015bci. Nacisk k\u0142adziony jest na wyobra\u017ani\u0119, otwarto\u015b\u0107 i zachwyt nad kosmosem, zawsze w oparciu o rzetelne podstawy naukowe. Rozbudzanie zainteresowania kosmosem od najm\u0142odszych lat naturalnie wspiera ciekawo\u015b\u0107, wyobra\u017ani\u0119 oraz zdolno\u015b\u0107 patrzenia na \u015bwiat z szerszej perspektywy. Zastanawianie si\u0119 nad Wszech\u015bwiatem sprzyja odkrywaniu, eksploracji i oswajaniu \u201ewielkich pyta\u0144\u201d w spokojny, bezpieczny i inspiruj\u0105cy spos\u00f3b. Kosmiczne Opowie\u015bci dla Dzieci powsta\u0142y po to, aby przybli\u017ca\u0107 nauk\u0119 i astronomi\u0119 w formie inspiruj\u0105cej i przyst\u0119pnej, pozostawiaj\u0105c przestrze\u0144 na refleksj\u0119 oraz trwa\u0142e poczucie zachwytu nad Wszech\u015bwiatem, kt\u00f3rego wszyscy jeste\u015bmy cz\u0119\u015bci\u0105. Odwied\u017a kana\u0142 na YouTube i wyrusz w kosmiczn\u0105 podr\u00f3\u017c razem z nami: youtube.com\/@BajkiKosmiczneDlaDzieci https:\/\/www.youtube.com\/watch?v=CO37nihyrFU&#038;list=PLTD2HwNYmdIClhOT2Kh9nrlNJuq_BsYP1<\/p>\n","protected":false},"author":1,"featured_media":2582,"parent":0,"menu_order":0,"comment_status":"closed","ping_status":"closed","template":"","meta":{"footnotes":""},"class_list":["post-2581","page","type-page","status-publish","has-post-thumbnail","hentry"],"yoast_head":"<!-- This site is optimized with the Yoast SEO plugin v27.3 - https:\/\/yoast.com\/product\/yoast-seo-wordpress\/ -->\n<title>Kosmiczne Opowie\u015bci dla Dzieci - THE STAR EMBASSY PL<\/title>\n<meta name=\"robots\" content=\"index, follow, max-snippet:-1, max-image-preview:large, max-video-preview:-1\" \/>\n<link rel=\"canonical\" href=\"https:\/\/the-starembassy.com\/pl\/kosmiczne-opowiesci-dla-dzieci\/\" \/>\n<meta property=\"og:locale\" content=\"pl_PL\" \/>\n<meta property=\"og:type\" content=\"article\" \/>\n<meta property=\"og:title\" content=\"Kosmiczne Opowie\u015bci dla Dzieci - THE STAR EMBASSY PL\" \/>\n<meta property=\"og:description\" content=\"Kosmiczne Opowie\u015bci dla Dzieci Inspiruj\u0105ce ciekawo\u015b\u0107 i zaciekawienie Wszech\u015bwiatem Kosmiczne Opowie\u015bci dla Dzieci to seria popularnonaukowych film\u00f3w stworzonych z my\u015bl\u0105 o dzieleniu si\u0119 fascynacj\u0105 kosmosem i astronomi\u0105 w spos\u00f3b naturalny, anga\u017cuj\u0105cy i przyst\u0119pny dla najm\u0142odszych. Opowie\u015bci wprowadzaj\u0105 dzieci w zagadnienia Wszech\u015bwiata poprzez spokojn\u0105 narracj\u0119 i jasne wyja\u015bnienia, pozwalaj\u0105c, by ciekawo\u015b\u0107 rozwija\u0142a si\u0119 w swobodny spos\u00f3b. Tre\u015bci s\u0105 ugruntowane w wiedzy naukowej i astronomicznej &#8211; dotycz\u0105 planet, gwiazd, eksploracji kosmosu oraz budowy Wszech\u015bwiata &#8211; i przedstawiane s\u0105 w formie opowie\u015bci, dzi\u0119ki czemu nauka staje si\u0119 intuicyjna i przyjemna. Jednocze\u015bnie historie te delikatnie otwieraj\u0105 umys\u0142y dzieci na ciekawo\u015b\u0107 i akceptacj\u0119 idei, \u017ce \u017cycie mo\u017ce istnie\u0107 tak\u017ce poza Ziemi\u0105, zach\u0119caj\u0105c do zadawania pyta\u0144, a nie do przyjmowania gotowych odpowiedzi. To podej\u015bcie jest \u015bwiadomie spokojne i dostosowane do wieku odbiorc\u00f3w. W przeciwie\u0144stwie do innych tre\u015bci tworzonych w ramach The Star Embassy, skierowanych do dojrza\u0142ego odbiorcy, Kosmiczne Opowie\u015bci dla Dzieci nie poruszaj\u0105 z\u0142o\u017conych zagadnie\u0144 dotycz\u0105cych konkretnych cywilizacji pozaziemskich, interpretacji ezoterycznych ani wielopoziomowych modeli rzeczywisto\u015bci. Nacisk k\u0142adziony jest na wyobra\u017ani\u0119, otwarto\u015b\u0107 i zachwyt nad kosmosem, zawsze w oparciu o rzetelne podstawy naukowe. Rozbudzanie zainteresowania kosmosem od najm\u0142odszych lat naturalnie wspiera ciekawo\u015b\u0107, wyobra\u017ani\u0119 oraz zdolno\u015b\u0107 patrzenia na \u015bwiat z szerszej perspektywy. Zastanawianie si\u0119 nad Wszech\u015bwiatem sprzyja odkrywaniu, eksploracji i oswajaniu \u201ewielkich pyta\u0144\u201d w spokojny, bezpieczny i inspiruj\u0105cy spos\u00f3b. Kosmiczne Opowie\u015bci dla Dzieci powsta\u0142y po to, aby przybli\u017ca\u0107 nauk\u0119 i astronomi\u0119 w formie inspiruj\u0105cej i przyst\u0119pnej, pozostawiaj\u0105c przestrze\u0144 na refleksj\u0119 oraz trwa\u0142e poczucie zachwytu nad Wszech\u015bwiatem, kt\u00f3rego wszyscy jeste\u015bmy cz\u0119\u015bci\u0105. Odwied\u017a kana\u0142 na YouTube i wyrusz w kosmiczn\u0105 podr\u00f3\u017c razem z nami: youtube.com\/@BajkiKosmiczneDlaDzieci https:\/\/www.youtube.com\/watch?v=CO37nihyrFU&#038;list=PLTD2HwNYmdIClhOT2Kh9nrlNJuq_BsYP1\" \/>\n<meta property=\"og:url\" content=\"https:\/\/the-starembassy.com\/pl\/kosmiczne-opowiesci-dla-dzieci\/\" \/>\n<meta property=\"og:site_name\" content=\"THE STAR EMBASSY PL\" \/>\n<meta property=\"article:modified_time\" content=\"2026-02-23T17:04:41+00:00\" \/>\n<meta property=\"og:image\" content=\"https:\/\/the-starembassy.com\/pl\/wp-content\/uploads\/2025\/12\/Kosmiczne-Opowiesci-dla-Dzieci.webp\" \/>\n\t<meta property=\"og:image:width\" content=\"1920\" \/>\n\t<meta property=\"og:image:height\" content=\"1080\" \/>\n\t<meta property=\"og:image:type\" content=\"image\/webp\" \/>\n<meta name=\"twitter:card\" content=\"summary_large_image\" \/>\n<meta name=\"twitter:label1\" content=\"Szacowany czas czytania\" \/>\n\t<meta name=\"twitter:data1\" content=\"2 minuty\" \/>\n<script type=\"application\/ld+json\" class=\"yoast-schema-graph\">{\"@context\":\"https:\\\/\\\/schema.org\",\"@graph\":[{\"@type\":\"WebPage\",\"@id\":\"https:\\\/\\\/the-starembassy.com\\\/pl\\\/kosmiczne-opowiesci-dla-dzieci\\\/\",\"url\":\"https:\\\/\\\/the-starembassy.com\\\/pl\\\/kosmiczne-opowiesci-dla-dzieci\\\/\",\"name\":\"Kosmiczne Opowie\u015bci dla Dzieci - THE STAR EMBASSY PL\",\"isPartOf\":{\"@id\":\"https:\\\/\\\/the-starembassy.com\\\/pl\\\/#website\"},\"primaryImageOfPage\":{\"@id\":\"https:\\\/\\\/the-starembassy.com\\\/pl\\\/kosmiczne-opowiesci-dla-dzieci\\\/#primaryimage\"},\"image\":{\"@id\":\"https:\\\/\\\/the-starembassy.com\\\/pl\\\/kosmiczne-opowiesci-dla-dzieci\\\/#primaryimage\"},\"thumbnailUrl\":\"https:\\\/\\\/the-starembassy.com\\\/pl\\\/wp-content\\\/uploads\\\/2025\\\/12\\\/Kosmiczne-Opowiesci-dla-Dzieci.webp\",\"datePublished\":\"2025-12-22T18:39:45+00:00\",\"dateModified\":\"2026-02-23T17:04:41+00:00\",\"breadcrumb\":{\"@id\":\"https:\\\/\\\/the-starembassy.com\\\/pl\\\/kosmiczne-opowiesci-dla-dzieci\\\/#breadcrumb\"},\"inLanguage\":\"pl-PL\",\"potentialAction\":[{\"@type\":\"ReadAction\",\"target\":[\"https:\\\/\\\/the-starembassy.com\\\/pl\\\/kosmiczne-opowiesci-dla-dzieci\\\/\"]}]},{\"@type\":\"ImageObject\",\"inLanguage\":\"pl-PL\",\"@id\":\"https:\\\/\\\/the-starembassy.com\\\/pl\\\/kosmiczne-opowiesci-dla-dzieci\\\/#primaryimage\",\"url\":\"https:\\\/\\\/the-starembassy.com\\\/pl\\\/wp-content\\\/uploads\\\/2025\\\/12\\\/Kosmiczne-Opowiesci-dla-Dzieci.webp\",\"contentUrl\":\"https:\\\/\\\/the-starembassy.com\\\/pl\\\/wp-content\\\/uploads\\\/2025\\\/12\\\/Kosmiczne-Opowiesci-dla-Dzieci.webp\",\"width\":1920,\"height\":1080},{\"@type\":\"BreadcrumbList\",\"@id\":\"https:\\\/\\\/the-starembassy.com\\\/pl\\\/kosmiczne-opowiesci-dla-dzieci\\\/#breadcrumb\",\"itemListElement\":[{\"@type\":\"ListItem\",\"position\":1,\"name\":\"Strona g\u0142\u00f3wna\",\"item\":\"https:\\\/\\\/the-starembassy.com\\\/pl\\\/\"},{\"@type\":\"ListItem\",\"position\":2,\"name\":\"Kosmiczne Opowie\u015bci dla Dzieci\"}]},{\"@type\":\"WebSite\",\"@id\":\"https:\\\/\\\/the-starembassy.com\\\/pl\\\/#website\",\"url\":\"https:\\\/\\\/the-starembassy.com\\\/pl\\\/\",\"name\":\"THE STAR EMBASSY PL\",\"description\":\"UFO\\\/NFA, Istoty Pozaziemskie i Wielowymiarowe, Percepcja Pozazmys\u0142owa\",\"potentialAction\":[{\"@type\":\"SearchAction\",\"target\":{\"@type\":\"EntryPoint\",\"urlTemplate\":\"https:\\\/\\\/the-starembassy.com\\\/pl\\\/?s={search_term_string}\"},\"query-input\":{\"@type\":\"PropertyValueSpecification\",\"valueRequired\":true,\"valueName\":\"search_term_string\"}}],\"inLanguage\":\"pl-PL\"}]}<\/script>\n<!-- \/ Yoast SEO plugin. -->","yoast_head_json":{"title":"Kosmiczne Opowie\u015bci dla Dzieci - THE STAR EMBASSY PL","robots":{"index":"index","follow":"follow","max-snippet":"max-snippet:-1","max-image-preview":"max-image-preview:large","max-video-preview":"max-video-preview:-1"},"canonical":"https:\/\/the-starembassy.com\/pl\/kosmiczne-opowiesci-dla-dzieci\/","og_locale":"pl_PL","og_type":"article","og_title":"Kosmiczne Opowie\u015bci dla Dzieci - THE STAR EMBASSY PL","og_description":"Kosmiczne Opowie\u015bci dla Dzieci Inspiruj\u0105ce ciekawo\u015b\u0107 i zaciekawienie Wszech\u015bwiatem Kosmiczne Opowie\u015bci dla Dzieci to seria popularnonaukowych film\u00f3w stworzonych z my\u015bl\u0105 o dzieleniu si\u0119 fascynacj\u0105 kosmosem i astronomi\u0105 w spos\u00f3b naturalny, anga\u017cuj\u0105cy i przyst\u0119pny dla najm\u0142odszych. Opowie\u015bci wprowadzaj\u0105 dzieci w zagadnienia Wszech\u015bwiata poprzez spokojn\u0105 narracj\u0119 i jasne wyja\u015bnienia, pozwalaj\u0105c, by ciekawo\u015b\u0107 rozwija\u0142a si\u0119 w swobodny spos\u00f3b. Tre\u015bci s\u0105 ugruntowane w wiedzy naukowej i astronomicznej &#8211; dotycz\u0105 planet, gwiazd, eksploracji kosmosu oraz budowy Wszech\u015bwiata &#8211; i przedstawiane s\u0105 w formie opowie\u015bci, dzi\u0119ki czemu nauka staje si\u0119 intuicyjna i przyjemna. Jednocze\u015bnie historie te delikatnie otwieraj\u0105 umys\u0142y dzieci na ciekawo\u015b\u0107 i akceptacj\u0119 idei, \u017ce \u017cycie mo\u017ce istnie\u0107 tak\u017ce poza Ziemi\u0105, zach\u0119caj\u0105c do zadawania pyta\u0144, a nie do przyjmowania gotowych odpowiedzi. To podej\u015bcie jest \u015bwiadomie spokojne i dostosowane do wieku odbiorc\u00f3w. W przeciwie\u0144stwie do innych tre\u015bci tworzonych w ramach The Star Embassy, skierowanych do dojrza\u0142ego odbiorcy, Kosmiczne Opowie\u015bci dla Dzieci nie poruszaj\u0105 z\u0142o\u017conych zagadnie\u0144 dotycz\u0105cych konkretnych cywilizacji pozaziemskich, interpretacji ezoterycznych ani wielopoziomowych modeli rzeczywisto\u015bci. Nacisk k\u0142adziony jest na wyobra\u017ani\u0119, otwarto\u015b\u0107 i zachwyt nad kosmosem, zawsze w oparciu o rzetelne podstawy naukowe. Rozbudzanie zainteresowania kosmosem od najm\u0142odszych lat naturalnie wspiera ciekawo\u015b\u0107, wyobra\u017ani\u0119 oraz zdolno\u015b\u0107 patrzenia na \u015bwiat z szerszej perspektywy. Zastanawianie si\u0119 nad Wszech\u015bwiatem sprzyja odkrywaniu, eksploracji i oswajaniu \u201ewielkich pyta\u0144\u201d w spokojny, bezpieczny i inspiruj\u0105cy spos\u00f3b. Kosmiczne Opowie\u015bci dla Dzieci powsta\u0142y po to, aby przybli\u017ca\u0107 nauk\u0119 i astronomi\u0119 w formie inspiruj\u0105cej i przyst\u0119pnej, pozostawiaj\u0105c przestrze\u0144 na refleksj\u0119 oraz trwa\u0142e poczucie zachwytu nad Wszech\u015bwiatem, kt\u00f3rego wszyscy jeste\u015bmy cz\u0119\u015bci\u0105. Odwied\u017a kana\u0142 na YouTube i wyrusz w kosmiczn\u0105 podr\u00f3\u017c razem z nami: youtube.com\/@BajkiKosmiczneDlaDzieci https:\/\/www.youtube.com\/watch?v=CO37nihyrFU&#038;list=PLTD2HwNYmdIClhOT2Kh9nrlNJuq_BsYP1","og_url":"https:\/\/the-starembassy.com\/pl\/kosmiczne-opowiesci-dla-dzieci\/","og_site_name":"THE STAR EMBASSY PL","article_modified_time":"2026-02-23T17:04:41+00:00","og_image":[{"width":1920,"height":1080,"url":"https:\/\/the-starembassy.com\/pl\/wp-content\/uploads\/2025\/12\/Kosmiczne-Opowiesci-dla-Dzieci.webp","type":"image\/webp"}],"twitter_card":"summary_large_image","twitter_misc":{"Szacowany czas czytania":"2 minuty"},"schema":{"@context":"https:\/\/schema.org","@graph":[{"@type":"WebPage","@id":"https:\/\/the-starembassy.com\/pl\/kosmiczne-opowiesci-dla-dzieci\/","url":"https:\/\/the-starembassy.com\/pl\/kosmiczne-opowiesci-dla-dzieci\/","name":"Kosmiczne Opowie\u015bci dla Dzieci - THE STAR EMBASSY PL","isPartOf":{"@id":"https:\/\/the-starembassy.com\/pl\/#website"},"primaryImageOfPage":{"@id":"https:\/\/the-starembassy.com\/pl\/kosmiczne-opowiesci-dla-dzieci\/#primaryimage"},"image":{"@id":"https:\/\/the-starembassy.com\/pl\/kosmiczne-opowiesci-dla-dzieci\/#primaryimage"},"thumbnailUrl":"https:\/\/the-starembassy.com\/pl\/wp-content\/uploads\/2025\/12\/Kosmiczne-Opowiesci-dla-Dzieci.webp","datePublished":"2025-12-22T18:39:45+00:00","dateModified":"2026-02-23T17:04:41+00:00","breadcrumb":{"@id":"https:\/\/the-starembassy.com\/pl\/kosmiczne-opowiesci-dla-dzieci\/#breadcrumb"},"inLanguage":"pl-PL","potentialAction":[{"@type":"ReadAction","target":["https:\/\/the-starembassy.com\/pl\/kosmiczne-opowiesci-dla-dzieci\/"]}]},{"@type":"ImageObject","inLanguage":"pl-PL","@id":"https:\/\/the-starembassy.com\/pl\/kosmiczne-opowiesci-dla-dzieci\/#primaryimage","url":"https:\/\/the-starembassy.com\/pl\/wp-content\/uploads\/2025\/12\/Kosmiczne-Opowiesci-dla-Dzieci.webp","contentUrl":"https:\/\/the-starembassy.com\/pl\/wp-content\/uploads\/2025\/12\/Kosmiczne-Opowiesci-dla-Dzieci.webp","width":1920,"height":1080},{"@type":"BreadcrumbList","@id":"https:\/\/the-starembassy.com\/pl\/kosmiczne-opowiesci-dla-dzieci\/#breadcrumb","itemListElement":[{"@type":"ListItem","position":1,"name":"Strona g\u0142\u00f3wna","item":"https:\/\/the-starembassy.com\/pl\/"},{"@type":"ListItem","position":2,"name":"Kosmiczne Opowie\u015bci dla Dzieci"}]},{"@type":"WebSite","@id":"https:\/\/the-starembassy.com\/pl\/#website","url":"https:\/\/the-starembassy.com\/pl\/","name":"THE STAR EMBASSY PL","description":"UFO\/NFA, Istoty Pozaziemskie i Wielowymiarowe, Percepcja Pozazmys\u0142owa","potentialAction":[{"@type":"SearchAction","target":{"@type":"EntryPoint","urlTemplate":"https:\/\/the-starembassy.com\/pl\/?s={search_term_string}"},"query-input":{"@type":"PropertyValueSpecification","valueRequired":true,"valueName":"search_term_string"}}],"inLanguage":"pl-PL"}]}},"_links":{"self":[{"href":"https:\/\/the-starembassy.com\/pl\/wp-json\/wp\/v2\/pages\/2581","targetHints":{"allow":["GET"]}}],"collection":[{"href":"https:\/\/the-starembassy.com\/pl\/wp-json\/wp\/v2\/pages"}],"about":[{"href":"https:\/\/the-starembassy.com\/pl\/wp-json\/wp\/v2\/types\/page"}],"author":[{"embeddable":true,"href":"https:\/\/the-starembassy.com\/pl\/wp-json\/wp\/v2\/users\/1"}],"replies":[{"embeddable":true,"href":"https:\/\/the-starembassy.com\/pl\/wp-json\/wp\/v2\/comments?post=2581"}],"version-history":[{"count":19,"href":"https:\/\/the-starembassy.com\/pl\/wp-json\/wp\/v2\/pages\/2581\/revisions"}],"predecessor-version":[{"id":4742,"href":"https:\/\/the-starembassy.com\/pl\/wp-json\/wp\/v2\/pages\/2581\/revisions\/4742"}],"wp:featuredmedia":[{"embeddable":true,"href":"https:\/\/the-starembassy.com\/pl\/wp-json\/wp\/v2\/media\/2582"}],"wp:attachment":[{"href":"https:\/\/the-starembassy.com\/pl\/wp-json\/wp\/v2\/media?parent=2581"}],"curies":[{"name":"wp","href":"https:\/\/api.w.org\/{rel}","templated":true}]}}