{"id":1516,"date":"2025-07-02T17:16:17","date_gmt":"2025-07-02T17:16:17","guid":{"rendered":"https:\/\/the-starembassy.com\/pt\/?page_id=1516"},"modified":"2026-02-23T10:07:16","modified_gmt":"2026-02-23T10:07:16","slug":"cursos-online","status":"publish","type":"page","link":"https:\/\/the-starembassy.com\/pt\/cursos-online\/","title":{"rendered":"Cursos Online"},"content":{"rendered":"\t\t<div data-elementor-type=\"wp-page\" data-elementor-id=\"1516\" class=\"elementor elementor-1516\">\n\t\t\t\t<div class=\"elementor-element elementor-element-703e52d elementor-hidden-desktop e-flex e-con-boxed wpr-particle-no wpr-jarallax-no wpr-parallax-no wpr-sticky-section-no wpr-equal-height-no e-con e-parent\" data-id=\"703e52d\" data-element_type=\"container\" data-e-type=\"container\" data-settings=\"{&quot;background_background&quot;:&quot;classic&quot;}\">\n\t\t\t\t\t<div class=\"e-con-inner\">\n\t\t\t\t<div class=\"elementor-element elementor-element-153f269 elementor-widget elementor-widget-spacer\" data-id=\"153f269\" data-element_type=\"widget\" data-e-type=\"widget\" data-widget_type=\"spacer.default\">\n\t\t\t\t<div class=\"elementor-widget-container\">\n\t\t\t\t\t\t\t<div class=\"elementor-spacer\">\n\t\t\t<div class=\"elementor-spacer-inner\"><\/div>\n\t\t<\/div>\n\t\t\t\t\t\t<\/div>\n\t\t\t\t<\/div>\n\t\t\t\t\t<\/div>\n\t\t\t\t<\/div>\n\t\t<div class=\"elementor-element elementor-element-3b09a941 elementor-hidden-tablet elementor-hidden-mobile e-flex e-con-boxed wpr-particle-no wpr-jarallax-no wpr-parallax-no wpr-sticky-section-no wpr-equal-height-no e-con e-parent\" data-id=\"3b09a941\" data-element_type=\"container\" data-e-type=\"container\" data-settings=\"{&quot;background_background&quot;:&quot;classic&quot;}\">\n\t\t\t\t\t<div class=\"e-con-inner\">\n\t\t\t\t\t<\/div>\n\t\t\t\t<\/div>\n\t\t<div class=\"elementor-element elementor-element-fbdecba e-flex e-con-boxed wpr-particle-no wpr-jarallax-no wpr-parallax-no wpr-sticky-section-no wpr-equal-height-no e-con e-parent\" data-id=\"fbdecba\" data-element_type=\"container\" data-e-type=\"container\" data-settings=\"{&quot;background_background&quot;:&quot;classic&quot;}\">\n\t\t\t\t\t<div class=\"e-con-inner\">\n\t\t\t\t<div class=\"elementor-element elementor-element-c509cf1 elementor-widget elementor-widget-heading\" data-id=\"c509cf1\" data-element_type=\"widget\" data-e-type=\"widget\" data-widget_type=\"heading.default\">\n\t\t\t\t<div class=\"elementor-widget-container\">\n\t\t\t\t\t<h1 class=\"elementor-heading-title elementor-size-default\">Cursos Online<\/h1>\t\t\t\t<\/div>\n\t\t\t\t<\/div>\n\t\t\t\t\t<\/div>\n\t\t\t\t<\/div>\n\t\t<div class=\"elementor-element elementor-element-26a3712 e-flex e-con-boxed wpr-particle-no wpr-jarallax-no wpr-parallax-no wpr-sticky-section-no wpr-equal-height-no e-con e-parent\" data-id=\"26a3712\" data-element_type=\"container\" data-e-type=\"container\" data-settings=\"{&quot;background_background&quot;:&quot;classic&quot;}\">\n\t\t\t\t\t<div class=\"e-con-inner\">\n\t\t<div class=\"elementor-element elementor-element-60b239e e-con-full e-flex wpr-particle-no wpr-jarallax-no wpr-parallax-no wpr-sticky-section-no wpr-equal-height-no e-con e-child\" data-id=\"60b239e\" data-element_type=\"container\" data-e-type=\"container\">\n\t\t\t\t<div class=\"elementor-element elementor-element-d3db8c7 elementor-widget elementor-widget-image\" data-id=\"d3db8c7\" data-element_type=\"widget\" data-e-type=\"widget\" data-widget_type=\"image.default\">\n\t\t\t\t<div class=\"elementor-widget-container\">\n\t\t\t\t\t\t\t\t\t\t\t\t\t\t\t\t<a href=\"\/pt\/courses\/o-poder-da-radiestesia-com-pendulo\/\">\n\t\t\t\t\t\t\t<img fetchpriority=\"high\" decoding=\"async\" width=\"1920\" height=\"1080\" src=\"https:\/\/the-starembassy.com\/pt\/wp-content\/uploads\/2026\/02\/The-Power-of-Pendulum-Dowsing.webp\" class=\"attachment-full size-full wp-image-3828\" alt=\"\" srcset=\"https:\/\/the-starembassy.com\/pt\/wp-content\/uploads\/2026\/02\/The-Power-of-Pendulum-Dowsing.webp 1920w, https:\/\/the-starembassy.com\/pt\/wp-content\/uploads\/2026\/02\/The-Power-of-Pendulum-Dowsing-300x169.webp 300w, https:\/\/the-starembassy.com\/pt\/wp-content\/uploads\/2026\/02\/The-Power-of-Pendulum-Dowsing-1024x576.webp 1024w, https:\/\/the-starembassy.com\/pt\/wp-content\/uploads\/2026\/02\/The-Power-of-Pendulum-Dowsing-768x432.webp 768w, https:\/\/the-starembassy.com\/pt\/wp-content\/uploads\/2026\/02\/The-Power-of-Pendulum-Dowsing-1536x864.webp 1536w, https:\/\/the-starembassy.com\/pt\/wp-content\/uploads\/2026\/02\/The-Power-of-Pendulum-Dowsing-50x28.webp 50w, https:\/\/the-starembassy.com\/pt\/wp-content\/uploads\/2026\/02\/The-Power-of-Pendulum-Dowsing-100x56.webp 100w, https:\/\/the-starembassy.com\/pt\/wp-content\/uploads\/2026\/02\/The-Power-of-Pendulum-Dowsing-500x281.webp 500w, https:\/\/the-starembassy.com\/pt\/wp-content\/uploads\/2026\/02\/The-Power-of-Pendulum-Dowsing-600x338.webp 600w\" sizes=\"(max-width: 1920px) 100vw, 1920px\" \/>\t\t\t\t\t\t\t\t<\/a>\n\t\t\t\t\t\t\t\t\t\t\t\t\t\t\t<\/div>\n\t\t\t\t<\/div>\n\t\t\t\t<div class=\"elementor-element elementor-element-e84ecd0 elementor-widget elementor-widget-heading\" data-id=\"e84ecd0\" data-element_type=\"widget\" data-e-type=\"widget\" data-widget_type=\"heading.default\">\n\t\t\t\t<div class=\"elementor-widget-container\">\n\t\t\t\t\t<h2 class=\"elementor-heading-title elementor-size-default\"><a href=\"\/pt\/courses\/o-poder-da-radiestesia-com-pendulo\/\">O Poder da Radiestesia com P\u00eandulo<\/a><\/h2>\t\t\t\t<\/div>\n\t\t\t\t<\/div>\n\t\t\t\t<div class=\"elementor-element elementor-element-c6d91e7 elementor-widget elementor-widget-heading\" data-id=\"c6d91e7\" data-element_type=\"widget\" data-e-type=\"widget\" data-widget_type=\"heading.default\">\n\t\t\t\t<div class=\"elementor-widget-container\">\n\t\t\t\t\t<h6 class=\"elementor-heading-title elementor-size-default\">Curso Online<\/h6>\t\t\t\t<\/div>\n\t\t\t\t<\/div>\n\t\t\t\t<div class=\"elementor-element elementor-element-64d711f elementor-align-center elementor-widget elementor-widget-button\" data-id=\"64d711f\" data-element_type=\"widget\" data-e-type=\"widget\" data-widget_type=\"button.default\">\n\t\t\t\t<div class=\"elementor-widget-container\">\n\t\t\t\t\t\t\t\t\t<div class=\"elementor-button-wrapper\">\n\t\t\t\t\t<a class=\"elementor-button elementor-button-link elementor-size-sm\" href=\"\/pt\/courses\/o-poder-da-radiestesia-com-pendulo\/\">\n\t\t\t\t\t\t<span class=\"elementor-button-content-wrapper\">\n\t\t\t\t\t\t\t\t\t<span class=\"elementor-button-text\">Ver mais<\/span>\n\t\t\t\t\t<\/span>\n\t\t\t\t\t<\/a>\n\t\t\t\t<\/div>\n\t\t\t\t\t\t\t\t<\/div>\n\t\t\t\t<\/div>\n\t\t\t\t<\/div>\n\t\t<div class=\"elementor-element elementor-element-010c9db e-con-full e-flex wpr-particle-no wpr-jarallax-no wpr-parallax-no wpr-sticky-section-no wpr-equal-height-no e-con e-child\" data-id=\"010c9db\" data-element_type=\"container\" data-e-type=\"container\">\n\t\t\t\t<div class=\"elementor-element elementor-element-f32f2f5 elementor-widget elementor-widget-image\" data-id=\"f32f2f5\" data-element_type=\"widget\" data-e-type=\"widget\" data-widget_type=\"image.default\">\n\t\t\t\t<div class=\"elementor-widget-container\">\n\t\t\t\t\t\t\t\t\t\t\t\t\t\t\t\t<a href=\"\/pt\/courses\/mudanca-para-a-superconsciencia-alinhe-acesse-desperte\/\">\n\t\t\t\t\t\t\t<img decoding=\"async\" width=\"1920\" height=\"1080\" src=\"https:\/\/the-starembassy.com\/pt\/wp-content\/uploads\/2025\/07\/Superconscious-Shift-Align-Access-Awaken.webp\" class=\"attachment-full size-full wp-image-1781\" alt=\"\" srcset=\"https:\/\/the-starembassy.com\/pt\/wp-content\/uploads\/2025\/07\/Superconscious-Shift-Align-Access-Awaken.webp 1920w, https:\/\/the-starembassy.com\/pt\/wp-content\/uploads\/2025\/07\/Superconscious-Shift-Align-Access-Awaken-300x169.webp 300w, https:\/\/the-starembassy.com\/pt\/wp-content\/uploads\/2025\/07\/Superconscious-Shift-Align-Access-Awaken-1024x576.webp 1024w, https:\/\/the-starembassy.com\/pt\/wp-content\/uploads\/2025\/07\/Superconscious-Shift-Align-Access-Awaken-768x432.webp 768w, https:\/\/the-starembassy.com\/pt\/wp-content\/uploads\/2025\/07\/Superconscious-Shift-Align-Access-Awaken-1536x864.webp 1536w, https:\/\/the-starembassy.com\/pt\/wp-content\/uploads\/2025\/07\/Superconscious-Shift-Align-Access-Awaken-600x338.webp 600w\" sizes=\"(max-width: 1920px) 100vw, 1920px\" \/>\t\t\t\t\t\t\t\t<\/a>\n\t\t\t\t\t\t\t\t\t\t\t\t\t\t\t<\/div>\n\t\t\t\t<\/div>\n\t\t\t\t<div class=\"elementor-element elementor-element-d8bf1de elementor-widget elementor-widget-heading\" data-id=\"d8bf1de\" data-element_type=\"widget\" data-e-type=\"widget\" data-widget_type=\"heading.default\">\n\t\t\t\t<div class=\"elementor-widget-container\">\n\t\t\t\t\t<h2 class=\"elementor-heading-title elementor-size-default\"><a href=\"\/pt\/courses\/mudanca-para-a-superconsciencia-alinhe-acesse-desperte\/\">Mudan\u00e7a para a Superconsci\u00eancia: Alinhe, Acesse, Desperte<\/a><\/h2>\t\t\t\t<\/div>\n\t\t\t\t<\/div>\n\t\t\t\t<div class=\"elementor-element elementor-element-8ae12d5 elementor-widget elementor-widget-heading\" data-id=\"8ae12d5\" data-element_type=\"widget\" data-e-type=\"widget\" data-widget_type=\"heading.default\">\n\t\t\t\t<div class=\"elementor-widget-container\">\n\t\t\t\t\t<h6 class=\"elementor-heading-title elementor-size-default\">Curso Online<\/h6>\t\t\t\t<\/div>\n\t\t\t\t<\/div>\n\t\t\t\t<div class=\"elementor-element elementor-element-b512d60 elementor-align-center elementor-widget elementor-widget-button\" data-id=\"b512d60\" data-element_type=\"widget\" data-e-type=\"widget\" data-widget_type=\"button.default\">\n\t\t\t\t<div class=\"elementor-widget-container\">\n\t\t\t\t\t\t\t\t\t<div class=\"elementor-button-wrapper\">\n\t\t\t\t\t<a class=\"elementor-button elementor-button-link elementor-size-sm\" href=\"\/pt\/courses\/mudanca-para-a-superconsciencia-alinhe-acesse-desperte\/\">\n\t\t\t\t\t\t<span class=\"elementor-button-content-wrapper\">\n\t\t\t\t\t\t\t\t\t<span class=\"elementor-button-text\">Ver mais<\/span>\n\t\t\t\t\t<\/span>\n\t\t\t\t\t<\/a>\n\t\t\t\t<\/div>\n\t\t\t\t\t\t\t\t<\/div>\n\t\t\t\t<\/div>\n\t\t\t\t<\/div>\n\t\t\t\t\t<\/div>\n\t\t\t\t<\/div>\n\t\t\t\t<\/div>\n\t\t","protected":false},"excerpt":{"rendered":"<p>Cursos Online O Poder da Radiestesia com P\u00eandulo Curso Online Ver mais Mudan\u00e7a para a Superconsci\u00eancia: Alinhe, Acesse, Desperte Curso Online Ver mais<\/p>\n","protected":false},"author":1,"featured_media":0,"parent":0,"menu_order":0,"comment_status":"closed","ping_status":"closed","template":"","meta":{"footnotes":""},"class_list":["post-1516","page","type-page","status-publish","hentry"],"yoast_head":"<!-- This site is optimized with the Yoast SEO plugin v27.4 - https:\/\/yoast.com\/product\/yoast-seo-wordpress\/ -->\n<title>Cursos Online - THE STAR EMBASSY PT<\/title>\n<meta name=\"robots\" content=\"index, follow, max-snippet:-1, max-image-preview:large, max-video-preview:-1\" \/>\n<link rel=\"canonical\" href=\"https:\/\/the-starembassy.com\/pt\/cursos-online\/\" \/>\n<meta property=\"og:locale\" content=\"pt_PT\" \/>\n<meta property=\"og:type\" content=\"article\" \/>\n<meta property=\"og:title\" content=\"Cursos Online - THE STAR EMBASSY PT\" \/>\n<meta property=\"og:description\" content=\"Cursos Online O Poder da Radiestesia com P\u00eandulo Curso Online Ver mais Mudan\u00e7a para a Superconsci\u00eancia: Alinhe, Acesse, Desperte Curso Online Ver mais\" \/>\n<meta property=\"og:url\" content=\"https:\/\/the-starembassy.com\/pt\/cursos-online\/\" \/>\n<meta property=\"og:site_name\" content=\"THE STAR EMBASSY PT\" \/>\n<meta property=\"article:modified_time\" content=\"2026-02-23T10:07:16+00:00\" \/>\n<meta property=\"og:image\" content=\"https:\/\/the-starembassy.com\/pt\/wp-content\/uploads\/2026\/02\/The-Power-of-Pendulum-Dowsing.webp\" \/>\n\t<meta property=\"og:image:width\" content=\"1920\" \/>\n\t<meta property=\"og:image:height\" content=\"1080\" \/>\n\t<meta property=\"og:image:type\" content=\"image\/webp\" \/>\n<meta name=\"twitter:card\" content=\"summary_large_image\" \/>\n<meta name=\"twitter:label1\" content=\"Tempo estimado de leitura\" \/>\n\t<meta name=\"twitter:data1\" content=\"1 minuto\" \/>\n<script type=\"application\/ld+json\" class=\"yoast-schema-graph\">{\"@context\":\"https:\\\/\\\/schema.org\",\"@graph\":[{\"@type\":\"WebPage\",\"@id\":\"https:\\\/\\\/the-starembassy.com\\\/pt\\\/cursos-online\\\/\",\"url\":\"https:\\\/\\\/the-starembassy.com\\\/pt\\\/cursos-online\\\/\",\"name\":\"Cursos Online - THE STAR EMBASSY PT\",\"isPartOf\":{\"@id\":\"https:\\\/\\\/the-starembassy.com\\\/pt\\\/#website\"},\"primaryImageOfPage\":{\"@id\":\"https:\\\/\\\/the-starembassy.com\\\/pt\\\/cursos-online\\\/#primaryimage\"},\"image\":{\"@id\":\"https:\\\/\\\/the-starembassy.com\\\/pt\\\/cursos-online\\\/#primaryimage\"},\"thumbnailUrl\":\"https:\\\/\\\/the-starembassy.com\\\/pt\\\/wp-content\\\/uploads\\\/2026\\\/02\\\/The-Power-of-Pendulum-Dowsing.webp\",\"datePublished\":\"2025-07-02T17:16:17+00:00\",\"dateModified\":\"2026-02-23T10:07:16+00:00\",\"breadcrumb\":{\"@id\":\"https:\\\/\\\/the-starembassy.com\\\/pt\\\/cursos-online\\\/#breadcrumb\"},\"inLanguage\":\"pt-PT\",\"potentialAction\":[{\"@type\":\"ReadAction\",\"target\":[\"https:\\\/\\\/the-starembassy.com\\\/pt\\\/cursos-online\\\/\"]}]},{\"@type\":\"ImageObject\",\"inLanguage\":\"pt-PT\",\"@id\":\"https:\\\/\\\/the-starembassy.com\\\/pt\\\/cursos-online\\\/#primaryimage\",\"url\":\"https:\\\/\\\/the-starembassy.com\\\/pt\\\/wp-content\\\/uploads\\\/2026\\\/02\\\/The-Power-of-Pendulum-Dowsing.webp\",\"contentUrl\":\"https:\\\/\\\/the-starembassy.com\\\/pt\\\/wp-content\\\/uploads\\\/2026\\\/02\\\/The-Power-of-Pendulum-Dowsing.webp\",\"width\":1920,\"height\":1080},{\"@type\":\"BreadcrumbList\",\"@id\":\"https:\\\/\\\/the-starembassy.com\\\/pt\\\/cursos-online\\\/#breadcrumb\",\"itemListElement\":[{\"@type\":\"ListItem\",\"position\":1,\"name\":\"Strona g\u0142\u00f3wna\",\"item\":\"https:\\\/\\\/the-starembassy.com\\\/pt\\\/\"},{\"@type\":\"ListItem\",\"position\":2,\"name\":\"Cursos Online\"}]},{\"@type\":\"WebSite\",\"@id\":\"https:\\\/\\\/the-starembassy.com\\\/pt\\\/#website\",\"url\":\"https:\\\/\\\/the-starembassy.com\\\/pt\\\/\",\"name\":\"THE STAR EMBASSY PT\",\"description\":\"OVNI\\\/FAN, Seres Extraterrestres e Multidimensionais, Percep\u00e7\u00e3o Extrassensorial\",\"potentialAction\":[{\"@type\":\"SearchAction\",\"target\":{\"@type\":\"EntryPoint\",\"urlTemplate\":\"https:\\\/\\\/the-starembassy.com\\\/pt\\\/?s={search_term_string}\"},\"query-input\":{\"@type\":\"PropertyValueSpecification\",\"valueRequired\":true,\"valueName\":\"search_term_string\"}}],\"inLanguage\":\"pt-PT\"}]}<\/script>\n<!-- \/ Yoast SEO plugin. -->","yoast_head_json":{"title":"Cursos Online - THE STAR EMBASSY PT","robots":{"index":"index","follow":"follow","max-snippet":"max-snippet:-1","max-image-preview":"max-image-preview:large","max-video-preview":"max-video-preview:-1"},"canonical":"https:\/\/the-starembassy.com\/pt\/cursos-online\/","og_locale":"pt_PT","og_type":"article","og_title":"Cursos Online - THE STAR EMBASSY PT","og_description":"Cursos Online O Poder da Radiestesia com P\u00eandulo Curso Online Ver mais Mudan\u00e7a para a Superconsci\u00eancia: Alinhe, Acesse, Desperte Curso Online Ver mais","og_url":"https:\/\/the-starembassy.com\/pt\/cursos-online\/","og_site_name":"THE STAR EMBASSY PT","article_modified_time":"2026-02-23T10:07:16+00:00","og_image":[{"width":1920,"height":1080,"url":"https:\/\/the-starembassy.com\/pt\/wp-content\/uploads\/2026\/02\/The-Power-of-Pendulum-Dowsing.webp","type":"image\/webp"}],"twitter_card":"summary_large_image","twitter_misc":{"Tempo estimado de leitura":"1 minuto"},"schema":{"@context":"https:\/\/schema.org","@graph":[{"@type":"WebPage","@id":"https:\/\/the-starembassy.com\/pt\/cursos-online\/","url":"https:\/\/the-starembassy.com\/pt\/cursos-online\/","name":"Cursos Online - THE STAR EMBASSY PT","isPartOf":{"@id":"https:\/\/the-starembassy.com\/pt\/#website"},"primaryImageOfPage":{"@id":"https:\/\/the-starembassy.com\/pt\/cursos-online\/#primaryimage"},"image":{"@id":"https:\/\/the-starembassy.com\/pt\/cursos-online\/#primaryimage"},"thumbnailUrl":"https:\/\/the-starembassy.com\/pt\/wp-content\/uploads\/2026\/02\/The-Power-of-Pendulum-Dowsing.webp","datePublished":"2025-07-02T17:16:17+00:00","dateModified":"2026-02-23T10:07:16+00:00","breadcrumb":{"@id":"https:\/\/the-starembassy.com\/pt\/cursos-online\/#breadcrumb"},"inLanguage":"pt-PT","potentialAction":[{"@type":"ReadAction","target":["https:\/\/the-starembassy.com\/pt\/cursos-online\/"]}]},{"@type":"ImageObject","inLanguage":"pt-PT","@id":"https:\/\/the-starembassy.com\/pt\/cursos-online\/#primaryimage","url":"https:\/\/the-starembassy.com\/pt\/wp-content\/uploads\/2026\/02\/The-Power-of-Pendulum-Dowsing.webp","contentUrl":"https:\/\/the-starembassy.com\/pt\/wp-content\/uploads\/2026\/02\/The-Power-of-Pendulum-Dowsing.webp","width":1920,"height":1080},{"@type":"BreadcrumbList","@id":"https:\/\/the-starembassy.com\/pt\/cursos-online\/#breadcrumb","itemListElement":[{"@type":"ListItem","position":1,"name":"Strona g\u0142\u00f3wna","item":"https:\/\/the-starembassy.com\/pt\/"},{"@type":"ListItem","position":2,"name":"Cursos Online"}]},{"@type":"WebSite","@id":"https:\/\/the-starembassy.com\/pt\/#website","url":"https:\/\/the-starembassy.com\/pt\/","name":"THE STAR EMBASSY PT","description":"OVNI\/FAN, Seres Extraterrestres e Multidimensionais, Percep\u00e7\u00e3o Extrassensorial","potentialAction":[{"@type":"SearchAction","target":{"@type":"EntryPoint","urlTemplate":"https:\/\/the-starembassy.com\/pt\/?s={search_term_string}"},"query-input":{"@type":"PropertyValueSpecification","valueRequired":true,"valueName":"search_term_string"}}],"inLanguage":"pt-PT"}]}},"_links":{"self":[{"href":"https:\/\/the-starembassy.com\/pt\/wp-json\/wp\/v2\/pages\/1516","targetHints":{"allow":["GET"]}}],"collection":[{"href":"https:\/\/the-starembassy.com\/pt\/wp-json\/wp\/v2\/pages"}],"about":[{"href":"https:\/\/the-starembassy.com\/pt\/wp-json\/wp\/v2\/types\/page"}],"author":[{"embeddable":true,"href":"https:\/\/the-starembassy.com\/pt\/wp-json\/wp\/v2\/users\/1"}],"replies":[{"embeddable":true,"href":"https:\/\/the-starembassy.com\/pt\/wp-json\/wp\/v2\/comments?post=1516"}],"version-history":[{"count":45,"href":"https:\/\/the-starembassy.com\/pt\/wp-json\/wp\/v2\/pages\/1516\/revisions"}],"predecessor-version":[{"id":4150,"href":"https:\/\/the-starembassy.com\/pt\/wp-json\/wp\/v2\/pages\/1516\/revisions\/4150"}],"wp:attachment":[{"href":"https:\/\/the-starembassy.com\/pt\/wp-json\/wp\/v2\/media?parent=1516"}],"curies":[{"name":"wp","href":"https:\/\/api.w.org\/{rel}","templated":true}]}}