{"id":2643,"date":"2025-11-25T09:49:59","date_gmt":"2025-11-25T09:49:59","guid":{"rendered":"https:\/\/the-starembassy.com\/pt\/?page_id=2643"},"modified":"2026-02-23T10:43:53","modified_gmt":"2026-02-23T10:43:53","slug":"o-teu-objetivo-manual-x-jogo-de-rpg","status":"publish","type":"page","link":"https:\/\/the-starembassy.com\/pt\/o-teu-objetivo-manual-x-jogo-de-rpg\/","title":{"rendered":"O TEU OBJETIVO &#8211; MANUAL X &#8211; Jogo de RPG"},"content":{"rendered":"\t\t<div data-elementor-type=\"wp-page\" data-elementor-id=\"2643\" class=\"elementor elementor-2643\">\n\t\t\t\t<div class=\"elementor-element elementor-element-b92c607 elementor-hidden-desktop e-flex e-con-boxed wpr-particle-no wpr-jarallax-no wpr-parallax-no wpr-sticky-section-no wpr-equal-height-no e-con e-parent\" data-id=\"b92c607\" data-element_type=\"container\" data-e-type=\"container\" data-settings=\"{&quot;background_background&quot;:&quot;classic&quot;}\">\n\t\t\t\t\t<div class=\"e-con-inner\">\n\t\t\t\t<div class=\"elementor-element elementor-element-b599778 elementor-widget elementor-widget-spacer\" data-id=\"b599778\" data-element_type=\"widget\" data-e-type=\"widget\" data-widget_type=\"spacer.default\">\n\t\t\t\t<div class=\"elementor-widget-container\">\n\t\t\t\t\t\t\t<div class=\"elementor-spacer\">\n\t\t\t<div class=\"elementor-spacer-inner\"><\/div>\n\t\t<\/div>\n\t\t\t\t\t\t<\/div>\n\t\t\t\t<\/div>\n\t\t\t\t\t<\/div>\n\t\t\t\t<\/div>\n\t\t<div class=\"elementor-element elementor-element-226b686 e-flex e-con-boxed wpr-particle-no wpr-jarallax-no wpr-parallax-no wpr-sticky-section-no wpr-equal-height-no e-con e-parent\" data-id=\"226b686\" data-element_type=\"container\" data-e-type=\"container\" data-settings=\"{&quot;background_background&quot;:&quot;classic&quot;}\">\n\t\t\t\t\t<div class=\"e-con-inner\">\n\t\t\t\t<div class=\"elementor-element elementor-element-42bbf08 elementor-widget elementor-widget-heading\" data-id=\"42bbf08\" data-element_type=\"widget\" data-e-type=\"widget\" data-widget_type=\"heading.default\">\n\t\t\t\t<div class=\"elementor-widget-container\">\n\t\t\t\t\t<h1 class=\"elementor-heading-title elementor-size-default\">MANUAL X<\/h1>\t\t\t\t<\/div>\n\t\t\t\t<\/div>\n\t\t\t\t<div class=\"elementor-element elementor-element-fec1153 elementor-widget elementor-widget-heading\" data-id=\"fec1153\" data-element_type=\"widget\" data-e-type=\"widget\" data-widget_type=\"heading.default\">\n\t\t\t\t<div class=\"elementor-widget-container\">\n\t\t\t\t\t<h2 class=\"elementor-heading-title elementor-size-default\">RPG de Explora\u00e7\u00e3o Multidimensional e Despertar da Consci\u00eancia<\/h2>\t\t\t\t<\/div>\n\t\t\t\t<\/div>\n\t\t\t\t<div class=\"elementor-element elementor-element-24c4ff3 elementor-widget elementor-widget-heading\" data-id=\"24c4ff3\" data-element_type=\"widget\" data-e-type=\"widget\" data-widget_type=\"heading.default\">\n\t\t\t\t<div class=\"elementor-widget-container\">\n\t\t\t\t\t<h4 class=\"elementor-heading-title elementor-size-default\">Jakub Qba Niegowski<\/h4>\t\t\t\t<\/div>\n\t\t\t\t<\/div>\n\t\t\t\t\t<\/div>\n\t\t\t\t<\/div>\n\t\t<div class=\"elementor-element elementor-element-f3e5518 e-flex e-con-boxed wpr-particle-no wpr-jarallax-no wpr-parallax-no wpr-sticky-section-no wpr-equal-height-no e-con e-parent\" data-id=\"f3e5518\" data-element_type=\"container\" data-e-type=\"container\" data-settings=\"{&quot;background_background&quot;:&quot;classic&quot;}\">\n\t\t\t\t\t<div class=\"e-con-inner\">\n\t\t\t\t<div class=\"elementor-element elementor-element-c6ee54c elementor-widget elementor-widget-heading\" data-id=\"c6ee54c\" data-element_type=\"widget\" data-e-type=\"widget\" data-widget_type=\"heading.default\">\n\t\t\t\t<div class=\"elementor-widget-container\">\n\t\t\t\t\t<h1 class=\"elementor-heading-title elementor-size-default\">O TEU OBJETIVO<\/h1>\t\t\t\t<\/div>\n\t\t\t\t<\/div>\n\t\t\t\t\t<\/div>\n\t\t\t\t<\/div>\n\t\t<div class=\"elementor-element elementor-element-f0519a9 e-flex e-con-boxed wpr-particle-no wpr-jarallax-no wpr-parallax-no wpr-sticky-section-no wpr-equal-height-no e-con e-parent\" data-id=\"f0519a9\" data-element_type=\"container\" data-e-type=\"container\" data-settings=\"{&quot;background_background&quot;:&quot;classic&quot;}\">\n\t\t\t\t\t<div class=\"e-con-inner\">\n\t\t\t\t<div class=\"elementor-element elementor-element-9def7d2 elementor-widget elementor-widget-text-editor\" data-id=\"9def7d2\" data-element_type=\"widget\" data-e-type=\"widget\" data-widget_type=\"text-editor.default\">\n\t\t\t\t<div class=\"elementor-widget-container\">\n\t\t\t\t\t\t\t\t\t<p class=\"font-claude-response-body whitespace-normal break-words\">\u00c9s um ser humano contempor\u00e2neo. Habitas o planeta Terra, um mundo \u00e0 beira de um enorme desenvolvimento e entrada numa era dourada ou de uma queda inevit\u00e1vel. Entre a realidade do Mundo Ascendente e do Mundo Ca\u00eddo (no caminho para a Perdi\u00e7\u00e3o) desenrola-se a tua aventura.<\/p><p class=\"font-claude-response-body whitespace-normal break-words\">Acabaste de te tornar num dos Libertos &#8211; membros de uma organiza\u00e7\u00e3o informal descentralizada, da qual normalmente se torna-se membro ao encontrar-se no lugar e momento certos, na frequ\u00eancia certa do Mundo \u00danico\/ Realidade (decidir sobre o nome). Foste iniciado por outro membro experiente da organiza\u00e7\u00e3o. Embora te pare\u00e7a estranho &#8212; ap\u00f3s a inicia\u00e7\u00e3o, os adeptos dos Iniciados s\u00e3o deixados \u00e0 sua pr\u00f3pria criatividade. Recebeste apenas este manual. O resto pertence a ti.<\/p><p class=\"font-claude-response-body whitespace-normal break-words\">O teu objetivo \u00e9 o desenvolvimento das tuas pr\u00f3prias capacidades. Como o alcan\u00e7ar\u00e1s, depende exclusivamente de ti. H\u00e1 muitos caminhos para te tornares um Ser Superior.<\/p><p class=\"font-claude-response-body whitespace-normal break-words\">N\u00e3o tens a obriga\u00e7\u00e3o de participar no conflito de fac\u00e7\u00f5es, embora tanto as grandes como as pequenas fac\u00e7\u00f5es conduzam as suas a\u00e7\u00f5es em pequena e grande escala na busca de realizar os seus objetivos. A decis\u00e3o de aderir a alguma organiza\u00e7\u00e3o, agir por conta pr\u00f3pria, ou talvez criar a tua pr\u00f3pria fac\u00e7\u00e3o, pertence exclusivamente a ti.<\/p><p class=\"font-claude-response-body whitespace-normal break-words\">O mundo \u00e9 tudo o que podes imaginar, e mais. Abandona a desorienta\u00e7\u00e3o e entra no caminho do desenvolvimento consciente. Adquire conhecimento e as capacidades a ele associadas.<\/p><p class=\"font-claude-response-body whitespace-normal break-words\">Podes ler este manual tanto como uma cole\u00e7\u00e3o de conhecimento, como um guia para o jogo. A escolha pertence a ti.<\/p>\t\t\t\t\t\t\t\t<\/div>\n\t\t\t\t<\/div>\n\t\t\t\t\t<\/div>\n\t\t\t\t<\/div>\n\t\t<div class=\"elementor-element elementor-element-127ae0d e-flex e-con-boxed wpr-particle-no wpr-jarallax-no wpr-parallax-no wpr-sticky-section-no wpr-equal-height-no e-con e-parent\" data-id=\"127ae0d\" data-element_type=\"container\" data-e-type=\"container\" data-settings=\"{&quot;background_background&quot;:&quot;classic&quot;}\">\n\t\t\t\t\t<div class=\"e-con-inner\">\n\t\t\t\t<div class=\"elementor-element elementor-element-fe37edb elementor-widget elementor-widget-shortcode\" data-id=\"fe37edb\" data-element_type=\"widget\" data-e-type=\"widget\" data-widget_type=\"shortcode.default\">\n\t\t\t\t<div class=\"elementor-widget-container\">\n\t\t\t\t\t\t\t<div class=\"elementor-shortcode\">        <button type=\"submit\"\r\n                id=\"15-wisdom\"\r\n                class=\"gamipress-button wisdom-points\"\r\n                form=\"\"\r\n                name=\"\"\r\n                value=\"\"\r\n                data-url=\"https:\/\/the-starembassy.com\/pt\/user\/\"\r\n                data-post=\"2643\"\r\n                data-comment=\"0\"\r\n        >Colete 15 Pontos de Sabedoria<\/button>\r\n    <\/div>\n\t\t\t\t\t\t<\/div>\n\t\t\t\t<\/div>\n\t\t\t\t\t<\/div>\n\t\t\t\t<\/div>\n\t\t\t\t<\/div>\n\t\t","protected":false},"excerpt":{"rendered":"<p>MANUAL X RPG de Explora\u00e7\u00e3o Multidimensional e Despertar da Consci\u00eancia Jakub Qba Niegowski O TEU OBJETIVO \u00c9s um ser humano contempor\u00e2neo. Habitas o planeta Terra, um mundo \u00e0 beira de um enorme desenvolvimento e entrada numa era dourada ou de uma queda inevit\u00e1vel. Entre a realidade do Mundo Ascendente e do Mundo Ca\u00eddo (no caminho para a Perdi\u00e7\u00e3o) desenrola-se a tua aventura. Acabaste de te tornar num dos Libertos &#8211; membros de uma organiza\u00e7\u00e3o informal descentralizada, da qual normalmente se torna-se membro ao encontrar-se no lugar e momento certos, na frequ\u00eancia certa do Mundo \u00danico\/ Realidade (decidir sobre o nome). Foste iniciado por outro membro experiente da organiza\u00e7\u00e3o. Embora te pare\u00e7a estranho &#8212; ap\u00f3s a inicia\u00e7\u00e3o, os adeptos dos Iniciados s\u00e3o deixados \u00e0 sua pr\u00f3pria criatividade. Recebeste apenas este manual. O resto pertence a ti. O teu objetivo \u00e9 o desenvolvimento das tuas pr\u00f3prias capacidades. Como o alcan\u00e7ar\u00e1s, depende exclusivamente de ti. H\u00e1 muitos caminhos para te tornares um Ser Superior. N\u00e3o tens a obriga\u00e7\u00e3o de participar no conflito de fac\u00e7\u00f5es, embora tanto as grandes como as pequenas fac\u00e7\u00f5es conduzam as suas a\u00e7\u00f5es em pequena e grande escala na busca de realizar os seus objetivos. A decis\u00e3o de aderir a alguma organiza\u00e7\u00e3o, agir por conta pr\u00f3pria, ou talvez criar a tua pr\u00f3pria fac\u00e7\u00e3o, pertence exclusivamente a ti. O mundo \u00e9 tudo o que podes imaginar, e mais. Abandona a desorienta\u00e7\u00e3o e entra no caminho do desenvolvimento consciente. Adquire conhecimento e as capacidades a ele associadas. Podes ler este manual tanto como uma cole\u00e7\u00e3o de conhecimento, como um guia para o jogo. A escolha pertence a ti.<\/p>\n","protected":false},"author":1,"featured_media":0,"parent":0,"menu_order":0,"comment_status":"closed","ping_status":"closed","template":"","meta":{"footnotes":""},"class_list":["post-2643","page","type-page","status-publish","hentry"],"yoast_head":"<!-- This site is optimized with the Yoast SEO plugin v27.4 - https:\/\/yoast.com\/product\/yoast-seo-wordpress\/ -->\n<title>O TEU OBJETIVO - MANUAL X - Jogo de RPG - THE STAR EMBASSY PT<\/title>\n<meta name=\"robots\" content=\"index, follow, max-snippet:-1, max-image-preview:large, max-video-preview:-1\" \/>\n<link rel=\"canonical\" href=\"https:\/\/the-starembassy.com\/pt\/o-teu-objetivo-manual-x-jogo-de-rpg\/\" \/>\n<meta property=\"og:locale\" content=\"pt_PT\" \/>\n<meta property=\"og:type\" content=\"article\" \/>\n<meta property=\"og:title\" content=\"O TEU OBJETIVO - MANUAL X - Jogo de RPG - THE STAR EMBASSY PT\" \/>\n<meta property=\"og:description\" content=\"MANUAL X RPG de Explora\u00e7\u00e3o Multidimensional e Despertar da Consci\u00eancia Jakub Qba Niegowski O TEU OBJETIVO \u00c9s um ser humano contempor\u00e2neo. Habitas o planeta Terra, um mundo \u00e0 beira de um enorme desenvolvimento e entrada numa era dourada ou de uma queda inevit\u00e1vel. Entre a realidade do Mundo Ascendente e do Mundo Ca\u00eddo (no caminho para a Perdi\u00e7\u00e3o) desenrola-se a tua aventura. Acabaste de te tornar num dos Libertos &#8211; membros de uma organiza\u00e7\u00e3o informal descentralizada, da qual normalmente se torna-se membro ao encontrar-se no lugar e momento certos, na frequ\u00eancia certa do Mundo \u00danico\/ Realidade (decidir sobre o nome). Foste iniciado por outro membro experiente da organiza\u00e7\u00e3o. Embora te pare\u00e7a estranho &#8212; ap\u00f3s a inicia\u00e7\u00e3o, os adeptos dos Iniciados s\u00e3o deixados \u00e0 sua pr\u00f3pria criatividade. Recebeste apenas este manual. O resto pertence a ti. O teu objetivo \u00e9 o desenvolvimento das tuas pr\u00f3prias capacidades. Como o alcan\u00e7ar\u00e1s, depende exclusivamente de ti. H\u00e1 muitos caminhos para te tornares um Ser Superior. N\u00e3o tens a obriga\u00e7\u00e3o de participar no conflito de fac\u00e7\u00f5es, embora tanto as grandes como as pequenas fac\u00e7\u00f5es conduzam as suas a\u00e7\u00f5es em pequena e grande escala na busca de realizar os seus objetivos. A decis\u00e3o de aderir a alguma organiza\u00e7\u00e3o, agir por conta pr\u00f3pria, ou talvez criar a tua pr\u00f3pria fac\u00e7\u00e3o, pertence exclusivamente a ti. O mundo \u00e9 tudo o que podes imaginar, e mais. Abandona a desorienta\u00e7\u00e3o e entra no caminho do desenvolvimento consciente. Adquire conhecimento e as capacidades a ele associadas. Podes ler este manual tanto como uma cole\u00e7\u00e3o de conhecimento, como um guia para o jogo. A escolha pertence a ti.\" \/>\n<meta property=\"og:url\" content=\"https:\/\/the-starembassy.com\/pt\/o-teu-objetivo-manual-x-jogo-de-rpg\/\" \/>\n<meta property=\"og:site_name\" content=\"THE STAR EMBASSY PT\" \/>\n<meta property=\"article:modified_time\" content=\"2026-02-23T10:43:53+00:00\" \/>\n<meta name=\"twitter:card\" content=\"summary_large_image\" \/>\n<meta name=\"twitter:label1\" content=\"Tempo estimado de leitura\" \/>\n\t<meta name=\"twitter:data1\" content=\"2 minutos\" \/>\n<script type=\"application\/ld+json\" class=\"yoast-schema-graph\">{\"@context\":\"https:\\\/\\\/schema.org\",\"@graph\":[{\"@type\":\"WebPage\",\"@id\":\"https:\\\/\\\/the-starembassy.com\\\/pt\\\/o-teu-objetivo-manual-x-jogo-de-rpg\\\/\",\"url\":\"https:\\\/\\\/the-starembassy.com\\\/pt\\\/o-teu-objetivo-manual-x-jogo-de-rpg\\\/\",\"name\":\"O TEU OBJETIVO - MANUAL X - Jogo de RPG - THE STAR EMBASSY PT\",\"isPartOf\":{\"@id\":\"https:\\\/\\\/the-starembassy.com\\\/pt\\\/#website\"},\"datePublished\":\"2025-11-25T09:49:59+00:00\",\"dateModified\":\"2026-02-23T10:43:53+00:00\",\"breadcrumb\":{\"@id\":\"https:\\\/\\\/the-starembassy.com\\\/pt\\\/o-teu-objetivo-manual-x-jogo-de-rpg\\\/#breadcrumb\"},\"inLanguage\":\"pt-PT\",\"potentialAction\":[{\"@type\":\"ReadAction\",\"target\":[\"https:\\\/\\\/the-starembassy.com\\\/pt\\\/o-teu-objetivo-manual-x-jogo-de-rpg\\\/\"]}]},{\"@type\":\"BreadcrumbList\",\"@id\":\"https:\\\/\\\/the-starembassy.com\\\/pt\\\/o-teu-objetivo-manual-x-jogo-de-rpg\\\/#breadcrumb\",\"itemListElement\":[{\"@type\":\"ListItem\",\"position\":1,\"name\":\"Strona g\u0142\u00f3wna\",\"item\":\"https:\\\/\\\/the-starembassy.com\\\/pt\\\/\"},{\"@type\":\"ListItem\",\"position\":2,\"name\":\"O TEU OBJETIVO &#8211; MANUAL X &#8211; Jogo de RPG\"}]},{\"@type\":\"WebSite\",\"@id\":\"https:\\\/\\\/the-starembassy.com\\\/pt\\\/#website\",\"url\":\"https:\\\/\\\/the-starembassy.com\\\/pt\\\/\",\"name\":\"THE STAR EMBASSY PT\",\"description\":\"OVNI\\\/FAN, Seres Extraterrestres e Multidimensionais, Percep\u00e7\u00e3o Extrassensorial\",\"potentialAction\":[{\"@type\":\"SearchAction\",\"target\":{\"@type\":\"EntryPoint\",\"urlTemplate\":\"https:\\\/\\\/the-starembassy.com\\\/pt\\\/?s={search_term_string}\"},\"query-input\":{\"@type\":\"PropertyValueSpecification\",\"valueRequired\":true,\"valueName\":\"search_term_string\"}}],\"inLanguage\":\"pt-PT\"}]}<\/script>\n<!-- \/ Yoast SEO plugin. -->","yoast_head_json":{"title":"O TEU OBJETIVO - MANUAL X - Jogo de RPG - THE STAR EMBASSY PT","robots":{"index":"index","follow":"follow","max-snippet":"max-snippet:-1","max-image-preview":"max-image-preview:large","max-video-preview":"max-video-preview:-1"},"canonical":"https:\/\/the-starembassy.com\/pt\/o-teu-objetivo-manual-x-jogo-de-rpg\/","og_locale":"pt_PT","og_type":"article","og_title":"O TEU OBJETIVO - MANUAL X - Jogo de RPG - THE STAR EMBASSY PT","og_description":"MANUAL X RPG de Explora\u00e7\u00e3o Multidimensional e Despertar da Consci\u00eancia Jakub Qba Niegowski O TEU OBJETIVO \u00c9s um ser humano contempor\u00e2neo. Habitas o planeta Terra, um mundo \u00e0 beira de um enorme desenvolvimento e entrada numa era dourada ou de uma queda inevit\u00e1vel. Entre a realidade do Mundo Ascendente e do Mundo Ca\u00eddo (no caminho para a Perdi\u00e7\u00e3o) desenrola-se a tua aventura. Acabaste de te tornar num dos Libertos &#8211; membros de uma organiza\u00e7\u00e3o informal descentralizada, da qual normalmente se torna-se membro ao encontrar-se no lugar e momento certos, na frequ\u00eancia certa do Mundo \u00danico\/ Realidade (decidir sobre o nome). Foste iniciado por outro membro experiente da organiza\u00e7\u00e3o. Embora te pare\u00e7a estranho &#8212; ap\u00f3s a inicia\u00e7\u00e3o, os adeptos dos Iniciados s\u00e3o deixados \u00e0 sua pr\u00f3pria criatividade. Recebeste apenas este manual. O resto pertence a ti. O teu objetivo \u00e9 o desenvolvimento das tuas pr\u00f3prias capacidades. Como o alcan\u00e7ar\u00e1s, depende exclusivamente de ti. H\u00e1 muitos caminhos para te tornares um Ser Superior. N\u00e3o tens a obriga\u00e7\u00e3o de participar no conflito de fac\u00e7\u00f5es, embora tanto as grandes como as pequenas fac\u00e7\u00f5es conduzam as suas a\u00e7\u00f5es em pequena e grande escala na busca de realizar os seus objetivos. A decis\u00e3o de aderir a alguma organiza\u00e7\u00e3o, agir por conta pr\u00f3pria, ou talvez criar a tua pr\u00f3pria fac\u00e7\u00e3o, pertence exclusivamente a ti. O mundo \u00e9 tudo o que podes imaginar, e mais. Abandona a desorienta\u00e7\u00e3o e entra no caminho do desenvolvimento consciente. Adquire conhecimento e as capacidades a ele associadas. Podes ler este manual tanto como uma cole\u00e7\u00e3o de conhecimento, como um guia para o jogo. A escolha pertence a ti.","og_url":"https:\/\/the-starembassy.com\/pt\/o-teu-objetivo-manual-x-jogo-de-rpg\/","og_site_name":"THE STAR EMBASSY PT","article_modified_time":"2026-02-23T10:43:53+00:00","twitter_card":"summary_large_image","twitter_misc":{"Tempo estimado de leitura":"2 minutos"},"schema":{"@context":"https:\/\/schema.org","@graph":[{"@type":"WebPage","@id":"https:\/\/the-starembassy.com\/pt\/o-teu-objetivo-manual-x-jogo-de-rpg\/","url":"https:\/\/the-starembassy.com\/pt\/o-teu-objetivo-manual-x-jogo-de-rpg\/","name":"O TEU OBJETIVO - MANUAL X - Jogo de RPG - THE STAR EMBASSY PT","isPartOf":{"@id":"https:\/\/the-starembassy.com\/pt\/#website"},"datePublished":"2025-11-25T09:49:59+00:00","dateModified":"2026-02-23T10:43:53+00:00","breadcrumb":{"@id":"https:\/\/the-starembassy.com\/pt\/o-teu-objetivo-manual-x-jogo-de-rpg\/#breadcrumb"},"inLanguage":"pt-PT","potentialAction":[{"@type":"ReadAction","target":["https:\/\/the-starembassy.com\/pt\/o-teu-objetivo-manual-x-jogo-de-rpg\/"]}]},{"@type":"BreadcrumbList","@id":"https:\/\/the-starembassy.com\/pt\/o-teu-objetivo-manual-x-jogo-de-rpg\/#breadcrumb","itemListElement":[{"@type":"ListItem","position":1,"name":"Strona g\u0142\u00f3wna","item":"https:\/\/the-starembassy.com\/pt\/"},{"@type":"ListItem","position":2,"name":"O TEU OBJETIVO &#8211; MANUAL X &#8211; Jogo de RPG"}]},{"@type":"WebSite","@id":"https:\/\/the-starembassy.com\/pt\/#website","url":"https:\/\/the-starembassy.com\/pt\/","name":"THE STAR EMBASSY PT","description":"OVNI\/FAN, Seres Extraterrestres e Multidimensionais, Percep\u00e7\u00e3o Extrassensorial","potentialAction":[{"@type":"SearchAction","target":{"@type":"EntryPoint","urlTemplate":"https:\/\/the-starembassy.com\/pt\/?s={search_term_string}"},"query-input":{"@type":"PropertyValueSpecification","valueRequired":true,"valueName":"search_term_string"}}],"inLanguage":"pt-PT"}]}},"_links":{"self":[{"href":"https:\/\/the-starembassy.com\/pt\/wp-json\/wp\/v2\/pages\/2643","targetHints":{"allow":["GET"]}}],"collection":[{"href":"https:\/\/the-starembassy.com\/pt\/wp-json\/wp\/v2\/pages"}],"about":[{"href":"https:\/\/the-starembassy.com\/pt\/wp-json\/wp\/v2\/types\/page"}],"author":[{"embeddable":true,"href":"https:\/\/the-starembassy.com\/pt\/wp-json\/wp\/v2\/users\/1"}],"replies":[{"embeddable":true,"href":"https:\/\/the-starembassy.com\/pt\/wp-json\/wp\/v2\/comments?post=2643"}],"version-history":[{"count":25,"href":"https:\/\/the-starembassy.com\/pt\/wp-json\/wp\/v2\/pages\/2643\/revisions"}],"predecessor-version":[{"id":4203,"href":"https:\/\/the-starembassy.com\/pt\/wp-json\/wp\/v2\/pages\/2643\/revisions\/4203"}],"wp:attachment":[{"href":"https:\/\/the-starembassy.com\/pt\/wp-json\/wp\/v2\/media?parent=2643"}],"curies":[{"name":"wp","href":"https:\/\/api.w.org\/{rel}","templated":true}]}}