{"id":2823,"date":"2025-11-26T15:03:14","date_gmt":"2025-11-26T15:03:14","guid":{"rendered":"https:\/\/the-starembassy.com\/pt\/?page_id=2823"},"modified":"2026-02-23T11:36:15","modified_gmt":"2026-02-23T11:36:15","slug":"mecanicas-de-viagem-e-exploracao-do-multiverso-manual-x-jogo-de-rpg","status":"publish","type":"page","link":"https:\/\/the-starembassy.com\/pt\/mecanicas-de-viagem-e-exploracao-do-multiverso-manual-x-jogo-de-rpg\/","title":{"rendered":"Mec\u00e2nicas de viagem e explora\u00e7\u00e3o do multiverso &#8211; MANUAL X &#8211; Jogo de RPG"},"content":{"rendered":"\t\t<div data-elementor-type=\"wp-page\" data-elementor-id=\"2823\" class=\"elementor elementor-2823\">\n\t\t\t\t<div class=\"elementor-element elementor-element-4dca309 elementor-hidden-desktop e-flex e-con-boxed wpr-particle-no wpr-jarallax-no wpr-parallax-no wpr-sticky-section-no wpr-equal-height-no e-con e-parent\" data-id=\"4dca309\" data-element_type=\"container\" data-e-type=\"container\" data-settings=\"{&quot;background_background&quot;:&quot;classic&quot;}\">\n\t\t\t\t\t<div class=\"e-con-inner\">\n\t\t\t\t<div class=\"elementor-element elementor-element-9cc5dcb elementor-widget elementor-widget-spacer\" data-id=\"9cc5dcb\" data-element_type=\"widget\" data-e-type=\"widget\" data-widget_type=\"spacer.default\">\n\t\t\t\t<div class=\"elementor-widget-container\">\n\t\t\t\t\t\t\t<div class=\"elementor-spacer\">\n\t\t\t<div class=\"elementor-spacer-inner\"><\/div>\n\t\t<\/div>\n\t\t\t\t\t\t<\/div>\n\t\t\t\t<\/div>\n\t\t\t\t\t<\/div>\n\t\t\t\t<\/div>\n\t\t<div class=\"elementor-element elementor-element-e2c1616 e-flex e-con-boxed wpr-particle-no wpr-jarallax-no wpr-parallax-no wpr-sticky-section-no wpr-equal-height-no e-con e-parent\" data-id=\"e2c1616\" data-element_type=\"container\" data-e-type=\"container\" data-settings=\"{&quot;background_background&quot;:&quot;classic&quot;}\">\n\t\t\t\t\t<div class=\"e-con-inner\">\n\t\t\t\t<div class=\"elementor-element elementor-element-47287a6 elementor-widget elementor-widget-heading\" data-id=\"47287a6\" data-element_type=\"widget\" data-e-type=\"widget\" data-widget_type=\"heading.default\">\n\t\t\t\t<div class=\"elementor-widget-container\">\n\t\t\t\t\t<h1 class=\"elementor-heading-title elementor-size-default\">MANUAL X<\/h1>\t\t\t\t<\/div>\n\t\t\t\t<\/div>\n\t\t\t\t<div class=\"elementor-element elementor-element-3ecaf93 elementor-widget elementor-widget-heading\" data-id=\"3ecaf93\" data-element_type=\"widget\" data-e-type=\"widget\" data-widget_type=\"heading.default\">\n\t\t\t\t<div class=\"elementor-widget-container\">\n\t\t\t\t\t<h2 class=\"elementor-heading-title elementor-size-default\">RPG de Explora\u00e7\u00e3o Multidimensional e Despertar da Consci\u00eancia<\/h2>\t\t\t\t<\/div>\n\t\t\t\t<\/div>\n\t\t\t\t<div class=\"elementor-element elementor-element-f5dce91 elementor-widget elementor-widget-heading\" data-id=\"f5dce91\" data-element_type=\"widget\" data-e-type=\"widget\" data-widget_type=\"heading.default\">\n\t\t\t\t<div class=\"elementor-widget-container\">\n\t\t\t\t\t<h4 class=\"elementor-heading-title elementor-size-default\">Jakub Qba Niegowski<\/h4>\t\t\t\t<\/div>\n\t\t\t\t<\/div>\n\t\t\t\t\t<\/div>\n\t\t\t\t<\/div>\n\t\t<div class=\"elementor-element elementor-element-64892f5 e-flex e-con-boxed wpr-particle-no wpr-jarallax-no wpr-parallax-no wpr-sticky-section-no wpr-equal-height-no e-con e-parent\" data-id=\"64892f5\" data-element_type=\"container\" data-e-type=\"container\" data-settings=\"{&quot;background_background&quot;:&quot;classic&quot;}\">\n\t\t\t\t\t<div class=\"e-con-inner\">\n\t\t\t\t<div class=\"elementor-element elementor-element-d227767 elementor-widget elementor-widget-heading\" data-id=\"d227767\" data-element_type=\"widget\" data-e-type=\"widget\" data-widget_type=\"heading.default\">\n\t\t\t\t<div class=\"elementor-widget-container\">\n\t\t\t\t\t<h1 class=\"elementor-heading-title elementor-size-default\">Mec\u00e2nicas de viagem e explora\u00e7\u00e3o do multiverso<\/h1>\t\t\t\t<\/div>\n\t\t\t\t<\/div>\n\t\t\t\t\t<\/div>\n\t\t\t\t<\/div>\n\t\t<div class=\"elementor-element elementor-element-8307980 e-con-full e-flex wpr-particle-no wpr-jarallax-no wpr-parallax-no wpr-sticky-section-no wpr-equal-height-no e-con e-parent\" data-id=\"8307980\" data-element_type=\"container\" data-e-type=\"container\" data-settings=\"{&quot;background_background&quot;:&quot;classic&quot;}\">\n\t\t\t\t<div class=\"elementor-element elementor-element-3048d18 elementor-widget elementor-widget-image\" data-id=\"3048d18\" data-element_type=\"widget\" data-e-type=\"widget\" data-widget_type=\"image.default\">\n\t\t\t\t<div class=\"elementor-widget-container\">\n\t\t\t\t\t\t\t\t\t\t\t\t\t\t\t<img fetchpriority=\"high\" decoding=\"async\" width=\"928\" height=\"1232\" src=\"https:\/\/the-starembassy.com\/pt\/wp-content\/uploads\/2025\/11\/14.webp\" class=\"attachment-full size-full wp-image-2825\" alt=\"\" srcset=\"https:\/\/the-starembassy.com\/pt\/wp-content\/uploads\/2025\/11\/14.webp 928w, https:\/\/the-starembassy.com\/pt\/wp-content\/uploads\/2025\/11\/14-226x300.webp 226w, https:\/\/the-starembassy.com\/pt\/wp-content\/uploads\/2025\/11\/14-771x1024.webp 771w, https:\/\/the-starembassy.com\/pt\/wp-content\/uploads\/2025\/11\/14-768x1020.webp 768w, https:\/\/the-starembassy.com\/pt\/wp-content\/uploads\/2025\/11\/14-600x797.webp 600w\" sizes=\"(max-width: 928px) 100vw, 928px\" \/>\t\t\t\t\t\t\t\t\t\t\t\t\t\t\t<\/div>\n\t\t\t\t<\/div>\n\t\t\t\t<\/div>\n\t\t<div class=\"elementor-element elementor-element-c41c93b e-flex e-con-boxed wpr-particle-no wpr-jarallax-no wpr-parallax-no wpr-sticky-section-no wpr-equal-height-no e-con e-parent\" data-id=\"c41c93b\" data-element_type=\"container\" data-e-type=\"container\" data-settings=\"{&quot;background_background&quot;:&quot;classic&quot;}\">\n\t\t\t\t\t<div class=\"e-con-inner\">\n\t\t\t\t<div class=\"elementor-element elementor-element-f9f90aa elementor-widget elementor-widget-text-editor\" data-id=\"f9f90aa\" data-element_type=\"widget\" data-e-type=\"widget\" data-widget_type=\"text-editor.default\">\n\t\t\t\t<div class=\"elementor-widget-container\">\n\t\t\t\t\t\t\t\t\t<h2><strong><span style=\"color: #ffff99;\">1. Viagens Espaciais<\/span><\/strong><\/h2><ul><li>As naves espaciais podem deslocar-se entre sistemas estelares, utilizando a astroga\u00e7\u00e3o.<\/li><li>Testes de per\u00edcia em astroga\u00e7\u00e3o: Lance 1d10 + Intelig\u00eancia + per\u00edcia em astroga\u00e7\u00e3o.<\/li><\/ul><h2><strong><br \/><span style=\"color: #ffff99;\">2. Explora\u00e7\u00e3o de Planetas<\/span><\/strong><\/h2><ul><li>Os jogadores podem explorar as superf\u00edcies dos planetas, descobrindo novos locais e recursos.<\/li><li>Testes de per\u00edcia em sobreviv\u00eancia e perce\u00e7\u00e3o s\u00e3o cruciais durante a explora\u00e7\u00e3o.<\/li><\/ul><p>Exemplos de Testes de Per\u00edcia:<\/p><ul><li>Sobreviv\u00eancia: Lance 1d10 + Resist\u00eancia + per\u00edcia em sobreviv\u00eancia.<\/li><li>Perce\u00e7\u00e3o: Lance 1d10 + Perce\u00e7\u00e3o + per\u00edcia em perce\u00e7\u00e3o.<\/li><\/ul>\t\t\t\t\t\t\t\t<\/div>\n\t\t\t\t<\/div>\n\t\t\t\t\t<\/div>\n\t\t\t\t<\/div>\n\t\t<div class=\"elementor-element elementor-element-ed1dd74 e-flex e-con-boxed wpr-particle-no wpr-jarallax-no wpr-parallax-no wpr-sticky-section-no wpr-equal-height-no e-con e-parent\" data-id=\"ed1dd74\" data-element_type=\"container\" data-e-type=\"container\" data-settings=\"{&quot;background_background&quot;:&quot;classic&quot;}\">\n\t\t\t\t\t<div class=\"e-con-inner\">\n\t\t\t\t<div class=\"elementor-element elementor-element-3f91c71e elementor-widget elementor-widget-text-editor\" data-id=\"3f91c71e\" data-element_type=\"widget\" data-e-type=\"widget\" data-widget_type=\"text-editor.default\">\n\t\t\t\t<div class=\"elementor-widget-container\">\n\t\t\t\t\t\t\t\t\t<p>Esta n\u00e3o \u00e9 a vers\u00e3o definitiva do MANUAL X. Se quiseres ajud\u00e1-lo a desenvolver-se na sua forma \u00e9pica e completa, podes apoiar o projeto em <span style=\"color: #ffff00;\"><a class=\"keychainify-checked\" style=\"color: #ffff00;\" href=\"https:\/\/buymeacoffee.com\/thestarembassy\" target=\"_blank\" rel=\"noopener\">buymeacoffee.com\/TheStarEmbassy<\/a><\/span>.<\/p>\t\t\t\t\t\t\t\t<\/div>\n\t\t\t\t<\/div>\n\t\t\t\t\t<\/div>\n\t\t\t\t<\/div>\n\t\t<div class=\"elementor-element elementor-element-19b3dc7 e-flex e-con-boxed wpr-particle-no wpr-jarallax-no wpr-parallax-no wpr-sticky-section-no wpr-equal-height-no e-con e-parent\" data-id=\"19b3dc7\" data-element_type=\"container\" data-e-type=\"container\" data-settings=\"{&quot;background_background&quot;:&quot;classic&quot;}\">\n\t\t\t\t\t<div class=\"e-con-inner\">\n\t\t\t\t<div class=\"elementor-element elementor-element-955a04a elementor-align-center elementor-widget elementor-widget-button\" data-id=\"955a04a\" data-element_type=\"widget\" data-e-type=\"widget\" data-widget_type=\"button.default\">\n\t\t\t\t<div class=\"elementor-widget-container\">\n\t\t\t\t\t\t\t\t\t<div class=\"elementor-button-wrapper\">\n\t\t\t\t\t<a class=\"elementor-button elementor-button-link elementor-size-sm\" href=\"\/pt\/manual-x-rpg-de-exploracao-multidimensional-e-despertar-da-consciencia\/\">\n\t\t\t\t\t\t<span class=\"elementor-button-content-wrapper\">\n\t\t\t\t\t\t\t\t\t<span class=\"elementor-button-text\">Voltar ao \u00edndice<\/span>\n\t\t\t\t\t<\/span>\n\t\t\t\t\t<\/a>\n\t\t\t\t<\/div>\n\t\t\t\t\t\t\t\t<\/div>\n\t\t\t\t<\/div>\n\t\t\t\t\t<\/div>\n\t\t\t\t<\/div>\n\t\t\t\t<\/div>\n\t\t","protected":false},"excerpt":{"rendered":"<p>MANUAL X RPG de Explora\u00e7\u00e3o Multidimensional e Despertar da Consci\u00eancia Jakub Qba Niegowski Mec\u00e2nicas de viagem e explora\u00e7\u00e3o do multiverso 1. Viagens Espaciais As naves espaciais podem deslocar-se entre sistemas estelares, utilizando a astroga\u00e7\u00e3o. Testes de per\u00edcia em astroga\u00e7\u00e3o: Lance 1d10 + Intelig\u00eancia + per\u00edcia em astroga\u00e7\u00e3o. 2. Explora\u00e7\u00e3o de Planetas Os jogadores podem explorar as superf\u00edcies dos planetas, descobrindo novos locais e recursos. Testes de per\u00edcia em sobreviv\u00eancia e perce\u00e7\u00e3o s\u00e3o cruciais durante a explora\u00e7\u00e3o. Exemplos de Testes de Per\u00edcia: Sobreviv\u00eancia: Lance 1d10 + Resist\u00eancia + per\u00edcia em sobreviv\u00eancia. Perce\u00e7\u00e3o: Lance 1d10 + Perce\u00e7\u00e3o + per\u00edcia em perce\u00e7\u00e3o. Esta n\u00e3o \u00e9 a vers\u00e3o definitiva do MANUAL X. Se quiseres ajud\u00e1-lo a desenvolver-se na sua forma \u00e9pica e completa, podes apoiar o projeto em buymeacoffee.com\/TheStarEmbassy. Voltar ao \u00edndice<\/p>\n","protected":false},"author":1,"featured_media":0,"parent":0,"menu_order":0,"comment_status":"closed","ping_status":"closed","template":"","meta":{"footnotes":""},"class_list":["post-2823","page","type-page","status-publish","hentry"],"yoast_head":"<!-- This site is optimized with the Yoast SEO plugin v27.4 - https:\/\/yoast.com\/product\/yoast-seo-wordpress\/ -->\n<title>Mec\u00e2nicas de viagem e explora\u00e7\u00e3o do multiverso - MANUAL X - Jogo de RPG - THE STAR EMBASSY PT<\/title>\n<meta name=\"robots\" content=\"index, follow, max-snippet:-1, max-image-preview:large, max-video-preview:-1\" \/>\n<link rel=\"canonical\" href=\"https:\/\/the-starembassy.com\/pt\/mecanicas-de-viagem-e-exploracao-do-multiverso-manual-x-jogo-de-rpg\/\" \/>\n<meta property=\"og:locale\" content=\"pt_PT\" \/>\n<meta property=\"og:type\" content=\"article\" \/>\n<meta property=\"og:title\" content=\"Mec\u00e2nicas de viagem e explora\u00e7\u00e3o do multiverso - MANUAL X - Jogo de RPG - THE STAR EMBASSY PT\" \/>\n<meta property=\"og:description\" content=\"MANUAL X RPG de Explora\u00e7\u00e3o Multidimensional e Despertar da Consci\u00eancia Jakub Qba Niegowski Mec\u00e2nicas de viagem e explora\u00e7\u00e3o do multiverso 1. Viagens Espaciais As naves espaciais podem deslocar-se entre sistemas estelares, utilizando a astroga\u00e7\u00e3o. Testes de per\u00edcia em astroga\u00e7\u00e3o: Lance 1d10 + Intelig\u00eancia + per\u00edcia em astroga\u00e7\u00e3o. 2. Explora\u00e7\u00e3o de Planetas Os jogadores podem explorar as superf\u00edcies dos planetas, descobrindo novos locais e recursos. Testes de per\u00edcia em sobreviv\u00eancia e perce\u00e7\u00e3o s\u00e3o cruciais durante a explora\u00e7\u00e3o. Exemplos de Testes de Per\u00edcia: Sobreviv\u00eancia: Lance 1d10 + Resist\u00eancia + per\u00edcia em sobreviv\u00eancia. Perce\u00e7\u00e3o: Lance 1d10 + Perce\u00e7\u00e3o + per\u00edcia em perce\u00e7\u00e3o. Esta n\u00e3o \u00e9 a vers\u00e3o definitiva do MANUAL X. Se quiseres ajud\u00e1-lo a desenvolver-se na sua forma \u00e9pica e completa, podes apoiar o projeto em buymeacoffee.com\/TheStarEmbassy. Voltar ao \u00edndice\" \/>\n<meta property=\"og:url\" content=\"https:\/\/the-starembassy.com\/pt\/mecanicas-de-viagem-e-exploracao-do-multiverso-manual-x-jogo-de-rpg\/\" \/>\n<meta property=\"og:site_name\" content=\"THE STAR EMBASSY PT\" \/>\n<meta property=\"article:modified_time\" content=\"2026-02-23T11:36:15+00:00\" \/>\n<meta property=\"og:image\" content=\"https:\/\/the-starembassy.com\/pt\/wp-content\/uploads\/2025\/11\/14.webp\" \/>\n\t<meta property=\"og:image:width\" content=\"928\" \/>\n\t<meta property=\"og:image:height\" content=\"1232\" \/>\n\t<meta property=\"og:image:type\" content=\"image\/webp\" \/>\n<meta name=\"twitter:card\" content=\"summary_large_image\" \/>\n<meta name=\"twitter:label1\" content=\"Tempo estimado de leitura\" \/>\n\t<meta name=\"twitter:data1\" content=\"1 minuto\" \/>\n<script type=\"application\/ld+json\" class=\"yoast-schema-graph\">{\"@context\":\"https:\\\/\\\/schema.org\",\"@graph\":[{\"@type\":\"WebPage\",\"@id\":\"https:\\\/\\\/the-starembassy.com\\\/pt\\\/mecanicas-de-viagem-e-exploracao-do-multiverso-manual-x-jogo-de-rpg\\\/\",\"url\":\"https:\\\/\\\/the-starembassy.com\\\/pt\\\/mecanicas-de-viagem-e-exploracao-do-multiverso-manual-x-jogo-de-rpg\\\/\",\"name\":\"Mec\u00e2nicas de viagem e explora\u00e7\u00e3o do multiverso - MANUAL X - Jogo de RPG - THE STAR EMBASSY PT\",\"isPartOf\":{\"@id\":\"https:\\\/\\\/the-starembassy.com\\\/pt\\\/#website\"},\"primaryImageOfPage\":{\"@id\":\"https:\\\/\\\/the-starembassy.com\\\/pt\\\/mecanicas-de-viagem-e-exploracao-do-multiverso-manual-x-jogo-de-rpg\\\/#primaryimage\"},\"image\":{\"@id\":\"https:\\\/\\\/the-starembassy.com\\\/pt\\\/mecanicas-de-viagem-e-exploracao-do-multiverso-manual-x-jogo-de-rpg\\\/#primaryimage\"},\"thumbnailUrl\":\"https:\\\/\\\/the-starembassy.com\\\/pt\\\/wp-content\\\/uploads\\\/2025\\\/11\\\/14.webp\",\"datePublished\":\"2025-11-26T15:03:14+00:00\",\"dateModified\":\"2026-02-23T11:36:15+00:00\",\"breadcrumb\":{\"@id\":\"https:\\\/\\\/the-starembassy.com\\\/pt\\\/mecanicas-de-viagem-e-exploracao-do-multiverso-manual-x-jogo-de-rpg\\\/#breadcrumb\"},\"inLanguage\":\"pt-PT\",\"potentialAction\":[{\"@type\":\"ReadAction\",\"target\":[\"https:\\\/\\\/the-starembassy.com\\\/pt\\\/mecanicas-de-viagem-e-exploracao-do-multiverso-manual-x-jogo-de-rpg\\\/\"]}]},{\"@type\":\"ImageObject\",\"inLanguage\":\"pt-PT\",\"@id\":\"https:\\\/\\\/the-starembassy.com\\\/pt\\\/mecanicas-de-viagem-e-exploracao-do-multiverso-manual-x-jogo-de-rpg\\\/#primaryimage\",\"url\":\"https:\\\/\\\/the-starembassy.com\\\/pt\\\/wp-content\\\/uploads\\\/2025\\\/11\\\/14.webp\",\"contentUrl\":\"https:\\\/\\\/the-starembassy.com\\\/pt\\\/wp-content\\\/uploads\\\/2025\\\/11\\\/14.webp\",\"width\":928,\"height\":1232},{\"@type\":\"BreadcrumbList\",\"@id\":\"https:\\\/\\\/the-starembassy.com\\\/pt\\\/mecanicas-de-viagem-e-exploracao-do-multiverso-manual-x-jogo-de-rpg\\\/#breadcrumb\",\"itemListElement\":[{\"@type\":\"ListItem\",\"position\":1,\"name\":\"Strona g\u0142\u00f3wna\",\"item\":\"https:\\\/\\\/the-starembassy.com\\\/pt\\\/\"},{\"@type\":\"ListItem\",\"position\":2,\"name\":\"Mec\u00e2nicas de viagem e explora\u00e7\u00e3o do multiverso &#8211; MANUAL X &#8211; Jogo de RPG\"}]},{\"@type\":\"WebSite\",\"@id\":\"https:\\\/\\\/the-starembassy.com\\\/pt\\\/#website\",\"url\":\"https:\\\/\\\/the-starembassy.com\\\/pt\\\/\",\"name\":\"THE STAR EMBASSY PT\",\"description\":\"OVNI\\\/FAN, Seres Extraterrestres e Multidimensionais, Percep\u00e7\u00e3o Extrassensorial\",\"potentialAction\":[{\"@type\":\"SearchAction\",\"target\":{\"@type\":\"EntryPoint\",\"urlTemplate\":\"https:\\\/\\\/the-starembassy.com\\\/pt\\\/?s={search_term_string}\"},\"query-input\":{\"@type\":\"PropertyValueSpecification\",\"valueRequired\":true,\"valueName\":\"search_term_string\"}}],\"inLanguage\":\"pt-PT\"}]}<\/script>\n<!-- \/ Yoast SEO plugin. -->","yoast_head_json":{"title":"Mec\u00e2nicas de viagem e explora\u00e7\u00e3o do multiverso - MANUAL X - Jogo de RPG - THE STAR EMBASSY PT","robots":{"index":"index","follow":"follow","max-snippet":"max-snippet:-1","max-image-preview":"max-image-preview:large","max-video-preview":"max-video-preview:-1"},"canonical":"https:\/\/the-starembassy.com\/pt\/mecanicas-de-viagem-e-exploracao-do-multiverso-manual-x-jogo-de-rpg\/","og_locale":"pt_PT","og_type":"article","og_title":"Mec\u00e2nicas de viagem e explora\u00e7\u00e3o do multiverso - MANUAL X - Jogo de RPG - THE STAR EMBASSY PT","og_description":"MANUAL X RPG de Explora\u00e7\u00e3o Multidimensional e Despertar da Consci\u00eancia Jakub Qba Niegowski Mec\u00e2nicas de viagem e explora\u00e7\u00e3o do multiverso 1. Viagens Espaciais As naves espaciais podem deslocar-se entre sistemas estelares, utilizando a astroga\u00e7\u00e3o. Testes de per\u00edcia em astroga\u00e7\u00e3o: Lance 1d10 + Intelig\u00eancia + per\u00edcia em astroga\u00e7\u00e3o. 2. Explora\u00e7\u00e3o de Planetas Os jogadores podem explorar as superf\u00edcies dos planetas, descobrindo novos locais e recursos. Testes de per\u00edcia em sobreviv\u00eancia e perce\u00e7\u00e3o s\u00e3o cruciais durante a explora\u00e7\u00e3o. Exemplos de Testes de Per\u00edcia: Sobreviv\u00eancia: Lance 1d10 + Resist\u00eancia + per\u00edcia em sobreviv\u00eancia. Perce\u00e7\u00e3o: Lance 1d10 + Perce\u00e7\u00e3o + per\u00edcia em perce\u00e7\u00e3o. Esta n\u00e3o \u00e9 a vers\u00e3o definitiva do MANUAL X. Se quiseres ajud\u00e1-lo a desenvolver-se na sua forma \u00e9pica e completa, podes apoiar o projeto em buymeacoffee.com\/TheStarEmbassy. Voltar ao \u00edndice","og_url":"https:\/\/the-starembassy.com\/pt\/mecanicas-de-viagem-e-exploracao-do-multiverso-manual-x-jogo-de-rpg\/","og_site_name":"THE STAR EMBASSY PT","article_modified_time":"2026-02-23T11:36:15+00:00","og_image":[{"width":928,"height":1232,"url":"https:\/\/the-starembassy.com\/pt\/wp-content\/uploads\/2025\/11\/14.webp","type":"image\/webp"}],"twitter_card":"summary_large_image","twitter_misc":{"Tempo estimado de leitura":"1 minuto"},"schema":{"@context":"https:\/\/schema.org","@graph":[{"@type":"WebPage","@id":"https:\/\/the-starembassy.com\/pt\/mecanicas-de-viagem-e-exploracao-do-multiverso-manual-x-jogo-de-rpg\/","url":"https:\/\/the-starembassy.com\/pt\/mecanicas-de-viagem-e-exploracao-do-multiverso-manual-x-jogo-de-rpg\/","name":"Mec\u00e2nicas de viagem e explora\u00e7\u00e3o do multiverso - MANUAL X - Jogo de RPG - THE STAR EMBASSY PT","isPartOf":{"@id":"https:\/\/the-starembassy.com\/pt\/#website"},"primaryImageOfPage":{"@id":"https:\/\/the-starembassy.com\/pt\/mecanicas-de-viagem-e-exploracao-do-multiverso-manual-x-jogo-de-rpg\/#primaryimage"},"image":{"@id":"https:\/\/the-starembassy.com\/pt\/mecanicas-de-viagem-e-exploracao-do-multiverso-manual-x-jogo-de-rpg\/#primaryimage"},"thumbnailUrl":"https:\/\/the-starembassy.com\/pt\/wp-content\/uploads\/2025\/11\/14.webp","datePublished":"2025-11-26T15:03:14+00:00","dateModified":"2026-02-23T11:36:15+00:00","breadcrumb":{"@id":"https:\/\/the-starembassy.com\/pt\/mecanicas-de-viagem-e-exploracao-do-multiverso-manual-x-jogo-de-rpg\/#breadcrumb"},"inLanguage":"pt-PT","potentialAction":[{"@type":"ReadAction","target":["https:\/\/the-starembassy.com\/pt\/mecanicas-de-viagem-e-exploracao-do-multiverso-manual-x-jogo-de-rpg\/"]}]},{"@type":"ImageObject","inLanguage":"pt-PT","@id":"https:\/\/the-starembassy.com\/pt\/mecanicas-de-viagem-e-exploracao-do-multiverso-manual-x-jogo-de-rpg\/#primaryimage","url":"https:\/\/the-starembassy.com\/pt\/wp-content\/uploads\/2025\/11\/14.webp","contentUrl":"https:\/\/the-starembassy.com\/pt\/wp-content\/uploads\/2025\/11\/14.webp","width":928,"height":1232},{"@type":"BreadcrumbList","@id":"https:\/\/the-starembassy.com\/pt\/mecanicas-de-viagem-e-exploracao-do-multiverso-manual-x-jogo-de-rpg\/#breadcrumb","itemListElement":[{"@type":"ListItem","position":1,"name":"Strona g\u0142\u00f3wna","item":"https:\/\/the-starembassy.com\/pt\/"},{"@type":"ListItem","position":2,"name":"Mec\u00e2nicas de viagem e explora\u00e7\u00e3o do multiverso &#8211; MANUAL X &#8211; Jogo de RPG"}]},{"@type":"WebSite","@id":"https:\/\/the-starembassy.com\/pt\/#website","url":"https:\/\/the-starembassy.com\/pt\/","name":"THE STAR EMBASSY PT","description":"OVNI\/FAN, Seres Extraterrestres e Multidimensionais, Percep\u00e7\u00e3o Extrassensorial","potentialAction":[{"@type":"SearchAction","target":{"@type":"EntryPoint","urlTemplate":"https:\/\/the-starembassy.com\/pt\/?s={search_term_string}"},"query-input":{"@type":"PropertyValueSpecification","valueRequired":true,"valueName":"search_term_string"}}],"inLanguage":"pt-PT"}]}},"_links":{"self":[{"href":"https:\/\/the-starembassy.com\/pt\/wp-json\/wp\/v2\/pages\/2823","targetHints":{"allow":["GET"]}}],"collection":[{"href":"https:\/\/the-starembassy.com\/pt\/wp-json\/wp\/v2\/pages"}],"about":[{"href":"https:\/\/the-starembassy.com\/pt\/wp-json\/wp\/v2\/types\/page"}],"author":[{"embeddable":true,"href":"https:\/\/the-starembassy.com\/pt\/wp-json\/wp\/v2\/users\/1"}],"replies":[{"embeddable":true,"href":"https:\/\/the-starembassy.com\/pt\/wp-json\/wp\/v2\/comments?post=2823"}],"version-history":[{"count":10,"href":"https:\/\/the-starembassy.com\/pt\/wp-json\/wp\/v2\/pages\/2823\/revisions"}],"predecessor-version":[{"id":4239,"href":"https:\/\/the-starembassy.com\/pt\/wp-json\/wp\/v2\/pages\/2823\/revisions\/4239"}],"wp:attachment":[{"href":"https:\/\/the-starembassy.com\/pt\/wp-json\/wp\/v2\/media?parent=2823"}],"curies":[{"name":"wp","href":"https:\/\/api.w.org\/{rel}","templated":true}]}}