{"id":2830,"date":"2025-11-26T15:08:29","date_gmt":"2025-11-26T15:08:29","guid":{"rendered":"https:\/\/the-starembassy.com\/pt\/?page_id=2830"},"modified":"2026-02-23T11:37:54","modified_gmt":"2026-02-23T11:37:54","slug":"mecanica-de-combate-para-personagens-manual-x-jogo-de-rpg","status":"publish","type":"page","link":"https:\/\/the-starembassy.com\/pt\/mecanica-de-combate-para-personagens-manual-x-jogo-de-rpg\/","title":{"rendered":"Mec\u00e2nica de Combate para Personagens &#8211; MANUAL X &#8211; Jogo de RPG"},"content":{"rendered":"\t\t<div data-elementor-type=\"wp-page\" data-elementor-id=\"2830\" class=\"elementor elementor-2830\">\n\t\t\t\t<div class=\"elementor-element elementor-element-5d7e491 elementor-hidden-desktop e-flex e-con-boxed wpr-particle-no wpr-jarallax-no wpr-parallax-no wpr-sticky-section-no wpr-equal-height-no e-con e-parent\" data-id=\"5d7e491\" data-element_type=\"container\" data-e-type=\"container\" data-settings=\"{&quot;background_background&quot;:&quot;classic&quot;}\">\n\t\t\t\t\t<div class=\"e-con-inner\">\n\t\t\t\t<div class=\"elementor-element elementor-element-fcd934a elementor-widget elementor-widget-spacer\" data-id=\"fcd934a\" data-element_type=\"widget\" data-e-type=\"widget\" data-widget_type=\"spacer.default\">\n\t\t\t\t<div class=\"elementor-widget-container\">\n\t\t\t\t\t\t\t<div class=\"elementor-spacer\">\n\t\t\t<div class=\"elementor-spacer-inner\"><\/div>\n\t\t<\/div>\n\t\t\t\t\t\t<\/div>\n\t\t\t\t<\/div>\n\t\t\t\t\t<\/div>\n\t\t\t\t<\/div>\n\t\t<div class=\"elementor-element elementor-element-9f5fa1d e-flex e-con-boxed wpr-particle-no wpr-jarallax-no wpr-parallax-no wpr-sticky-section-no wpr-equal-height-no e-con e-parent\" data-id=\"9f5fa1d\" data-element_type=\"container\" data-e-type=\"container\" data-settings=\"{&quot;background_background&quot;:&quot;classic&quot;}\">\n\t\t\t\t\t<div class=\"e-con-inner\">\n\t\t\t\t<div class=\"elementor-element elementor-element-ee78294 elementor-widget elementor-widget-heading\" data-id=\"ee78294\" data-element_type=\"widget\" data-e-type=\"widget\" data-widget_type=\"heading.default\">\n\t\t\t\t<div class=\"elementor-widget-container\">\n\t\t\t\t\t<h1 class=\"elementor-heading-title elementor-size-default\">MANUAL X<\/h1>\t\t\t\t<\/div>\n\t\t\t\t<\/div>\n\t\t\t\t<div class=\"elementor-element elementor-element-b5178f8 elementor-widget elementor-widget-heading\" data-id=\"b5178f8\" data-element_type=\"widget\" data-e-type=\"widget\" data-widget_type=\"heading.default\">\n\t\t\t\t<div class=\"elementor-widget-container\">\n\t\t\t\t\t<h2 class=\"elementor-heading-title elementor-size-default\">RPG de Explora\u00e7\u00e3o Multidimensional e Despertar da Consci\u00eancia<\/h2>\t\t\t\t<\/div>\n\t\t\t\t<\/div>\n\t\t\t\t<div class=\"elementor-element elementor-element-6af07e6 elementor-widget elementor-widget-heading\" data-id=\"6af07e6\" data-element_type=\"widget\" data-e-type=\"widget\" data-widget_type=\"heading.default\">\n\t\t\t\t<div class=\"elementor-widget-container\">\n\t\t\t\t\t<h4 class=\"elementor-heading-title elementor-size-default\">Jakub Qba Niegowski<\/h4>\t\t\t\t<\/div>\n\t\t\t\t<\/div>\n\t\t\t\t\t<\/div>\n\t\t\t\t<\/div>\n\t\t<div class=\"elementor-element elementor-element-7b4c0df e-flex e-con-boxed wpr-particle-no wpr-jarallax-no wpr-parallax-no wpr-sticky-section-no wpr-equal-height-no e-con e-parent\" data-id=\"7b4c0df\" data-element_type=\"container\" data-e-type=\"container\" data-settings=\"{&quot;background_background&quot;:&quot;classic&quot;}\">\n\t\t\t\t\t<div class=\"e-con-inner\">\n\t\t\t\t<div class=\"elementor-element elementor-element-17042f8 elementor-widget elementor-widget-heading\" data-id=\"17042f8\" data-element_type=\"widget\" data-e-type=\"widget\" data-widget_type=\"heading.default\">\n\t\t\t\t<div class=\"elementor-widget-container\">\n\t\t\t\t\t<h1 class=\"elementor-heading-title elementor-size-default\">Mec\u00e2nica de Combate para Personagens<\/h1>\t\t\t\t<\/div>\n\t\t\t\t<\/div>\n\t\t\t\t\t<\/div>\n\t\t\t\t<\/div>\n\t\t<div class=\"elementor-element elementor-element-d2339b1 e-con-full e-flex wpr-particle-no wpr-jarallax-no wpr-parallax-no wpr-sticky-section-no wpr-equal-height-no e-con e-parent\" data-id=\"d2339b1\" data-element_type=\"container\" data-e-type=\"container\" data-settings=\"{&quot;background_background&quot;:&quot;classic&quot;}\">\n\t\t\t\t<div class=\"elementor-element elementor-element-3e49304 elementor-widget elementor-widget-image\" data-id=\"3e49304\" data-element_type=\"widget\" data-e-type=\"widget\" data-widget_type=\"image.default\">\n\t\t\t\t<div class=\"elementor-widget-container\">\n\t\t\t\t\t\t\t\t\t\t\t\t\t\t\t<img fetchpriority=\"high\" decoding=\"async\" width=\"928\" height=\"1232\" src=\"https:\/\/the-starembassy.com\/pt\/wp-content\/uploads\/2025\/11\/15.webp\" class=\"attachment-full size-full wp-image-2832\" alt=\"\" srcset=\"https:\/\/the-starembassy.com\/pt\/wp-content\/uploads\/2025\/11\/15.webp 928w, https:\/\/the-starembassy.com\/pt\/wp-content\/uploads\/2025\/11\/15-226x300.webp 226w, https:\/\/the-starembassy.com\/pt\/wp-content\/uploads\/2025\/11\/15-771x1024.webp 771w, https:\/\/the-starembassy.com\/pt\/wp-content\/uploads\/2025\/11\/15-768x1020.webp 768w, https:\/\/the-starembassy.com\/pt\/wp-content\/uploads\/2025\/11\/15-600x797.webp 600w\" sizes=\"(max-width: 928px) 100vw, 928px\" \/>\t\t\t\t\t\t\t\t\t\t\t\t\t\t\t<\/div>\n\t\t\t\t<\/div>\n\t\t\t\t<\/div>\n\t\t<div class=\"elementor-element elementor-element-802f6a6 e-flex e-con-boxed wpr-particle-no wpr-jarallax-no wpr-parallax-no wpr-sticky-section-no wpr-equal-height-no e-con e-parent\" data-id=\"802f6a6\" data-element_type=\"container\" data-e-type=\"container\" data-settings=\"{&quot;background_background&quot;:&quot;classic&quot;}\">\n\t\t\t\t\t<div class=\"e-con-inner\">\n\t\t\t\t<div class=\"elementor-element elementor-element-266706f elementor-widget elementor-widget-text-editor\" data-id=\"266706f\" data-element_type=\"widget\" data-e-type=\"widget\" data-widget_type=\"text-editor.default\">\n\t\t\t\t<div class=\"elementor-widget-container\">\n\t\t\t\t\t\t\t\t\t<ol><li><span style=\"color: #ffff99;\"><strong>Iniciativa<\/strong><\/span><\/li><\/ol><ul><li>Cada personagem lan\u00e7a 1d10 e adiciona o resultado ao seu atributo Destreza.<\/li><li>As personagens agem em ordem do resultado mais alto para o mais baixo.<\/li><\/ul><ol start=\"2\"><li><span style=\"color: #ffff99;\"><strong>A\u00e7\u00f5es no Turno<\/strong><\/span><\/li><\/ol><ul><li>Cada personagem tem 2 pontos de a\u00e7\u00e3o (PA) por turno.<\/li><li>Cada a\u00e7\u00e3o custa 1 ponto de a\u00e7\u00e3o.<\/li><li>A\u00e7\u00f5es poss\u00edveis:<ul><li>Movimento: Deslocar-se 5 metros.<\/li><li>Disparo: Executar um ataque \u00e0 dist\u00e2ncia.<\/li><li>Combate corpo a corpo: Executar um ataque em combate corpo a corpo.<\/li><li>Troca de arma: Trocar a arma atualmente em uso.<\/li><li>Cura: Usar um item de cura ou habilidade.<\/li><li>Outras a\u00e7\u00f5es: A crit\u00e9rio do Mestre de Jogo.<\/li><\/ul><\/li><\/ul><ol start=\"3\"><li><span style=\"color: #ffff99;\"><strong>Ataques e Defesa<\/strong><\/span><\/li><\/ol><ul><li>Ataque: Lance 1d10 e adicione o atributo apropriado (For\u00e7a F\u00edsica para combate corpo a corpo, Perce\u00e7\u00e3o para tiro). Compare o resultado com o n\u00edvel de dificuldade 10.<ul><li>Se o resultado for igual ou superior a 10, o ataque acerta.<\/li><li>Se o resultado for inferior, o ataque falha.<\/li><\/ul><\/li><li>Defesa: A personagem pode defender-se lan\u00e7ando 1d10 e adicionando o atributo Destreza. A defesa pode reduzir a efic\u00e1cia do ataque do advers\u00e1rio.<\/li><\/ul><ol start=\"4\"><li><span style=\"color: #ffff99;\"><strong>Dano<\/strong><\/span><\/li><\/ol><ul><li>O dano depende da arma. Cada arma tem dano atribu\u00eddo.<ul><li>Para combate corpo a corpo: dano base + modificador de For\u00e7a F\u00edsica.<\/li><li>Para tiro: dano base + modificador de Perce\u00e7\u00e3o.<\/li><\/ul><\/li><\/ul><ol start=\"5\"><li><span style=\"color: #ffff99;\"><strong>Pontos de Vida (PV)<\/strong><\/span><\/li><\/ol><ul><li>Cada personagem tem Pontos de Vida (PV) calculados como 10 + atributo Resist\u00eancia.<\/li><li>Quando os PV chegam a 0, a personagem fica inconsciente ou morta, dependendo do contexto.<\/li><\/ul>\t\t\t\t\t\t\t\t<\/div>\n\t\t\t\t<\/div>\n\t\t\t\t\t<\/div>\n\t\t\t\t<\/div>\n\t\t<div class=\"elementor-element elementor-element-5803e4f5 e-flex e-con-boxed wpr-particle-no wpr-jarallax-no wpr-parallax-no wpr-sticky-section-no wpr-equal-height-no e-con e-parent\" data-id=\"5803e4f5\" data-element_type=\"container\" data-e-type=\"container\" data-settings=\"{&quot;background_background&quot;:&quot;classic&quot;}\">\n\t\t\t\t\t<div class=\"e-con-inner\">\n\t\t\t\t<div class=\"elementor-element elementor-element-fbd89ef elementor-widget elementor-widget-text-editor\" data-id=\"fbd89ef\" data-element_type=\"widget\" data-e-type=\"widget\" data-widget_type=\"text-editor.default\">\n\t\t\t\t<div class=\"elementor-widget-container\">\n\t\t\t\t\t\t\t\t\t<p>Esta n\u00e3o \u00e9 a vers\u00e3o definitiva do MANUAL X. Se quiseres ajud\u00e1-lo a desenvolver-se na sua forma \u00e9pica e completa, podes apoiar o projeto em <span style=\"color: #ffff00;\"><a class=\"keychainify-checked\" style=\"color: #ffff00;\" href=\"https:\/\/buymeacoffee.com\/thestarembassy\" target=\"_blank\" rel=\"noopener\">buymeacoffee.com\/TheStarEmbassy<\/a><\/span>.<\/p>\t\t\t\t\t\t\t\t<\/div>\n\t\t\t\t<\/div>\n\t\t\t\t\t<\/div>\n\t\t\t\t<\/div>\n\t\t<div class=\"elementor-element elementor-element-52a5acb e-flex e-con-boxed wpr-particle-no wpr-jarallax-no wpr-parallax-no wpr-sticky-section-no wpr-equal-height-no e-con e-parent\" data-id=\"52a5acb\" data-element_type=\"container\" data-e-type=\"container\" data-settings=\"{&quot;background_background&quot;:&quot;classic&quot;}\">\n\t\t\t\t\t<div class=\"e-con-inner\">\n\t\t\t\t<div class=\"elementor-element elementor-element-e435ff3 elementor-align-center elementor-widget elementor-widget-button\" data-id=\"e435ff3\" data-element_type=\"widget\" data-e-type=\"widget\" data-widget_type=\"button.default\">\n\t\t\t\t<div class=\"elementor-widget-container\">\n\t\t\t\t\t\t\t\t\t<div class=\"elementor-button-wrapper\">\n\t\t\t\t\t<a class=\"elementor-button elementor-button-link elementor-size-sm\" href=\"\/pt\/manual-x-rpg-de-exploracao-multidimensional-e-despertar-da-consciencia\/\">\n\t\t\t\t\t\t<span class=\"elementor-button-content-wrapper\">\n\t\t\t\t\t\t\t\t\t<span class=\"elementor-button-text\">Voltar ao \u00edndice<\/span>\n\t\t\t\t\t<\/span>\n\t\t\t\t\t<\/a>\n\t\t\t\t<\/div>\n\t\t\t\t\t\t\t\t<\/div>\n\t\t\t\t<\/div>\n\t\t\t\t\t<\/div>\n\t\t\t\t<\/div>\n\t\t\t\t<\/div>\n\t\t","protected":false},"excerpt":{"rendered":"<p>MANUAL X RPG de Explora\u00e7\u00e3o Multidimensional e Despertar da Consci\u00eancia Jakub Qba Niegowski Mec\u00e2nica de Combate para Personagens Iniciativa Cada personagem lan\u00e7a 1d10 e adiciona o resultado ao seu atributo Destreza. As personagens agem em ordem do resultado mais alto para o mais baixo. A\u00e7\u00f5es no Turno Cada personagem tem 2 pontos de a\u00e7\u00e3o (PA) por turno. Cada a\u00e7\u00e3o custa 1 ponto de a\u00e7\u00e3o. A\u00e7\u00f5es poss\u00edveis: Movimento: Deslocar-se 5 metros. Disparo: Executar um ataque \u00e0 dist\u00e2ncia. Combate corpo a corpo: Executar um ataque em combate corpo a corpo. Troca de arma: Trocar a arma atualmente em uso. Cura: Usar um item de cura ou habilidade. Outras a\u00e7\u00f5es: A crit\u00e9rio do Mestre de Jogo. Ataques e Defesa Ataque: Lance 1d10 e adicione o atributo apropriado (For\u00e7a F\u00edsica para combate corpo a corpo, Perce\u00e7\u00e3o para tiro). Compare o resultado com o n\u00edvel de dificuldade 10. Se o resultado for igual ou superior a 10, o ataque acerta. Se o resultado for inferior, o ataque falha. Defesa: A personagem pode defender-se lan\u00e7ando 1d10 e adicionando o atributo Destreza. A defesa pode reduzir a efic\u00e1cia do ataque do advers\u00e1rio. Dano O dano depende da arma. Cada arma tem dano atribu\u00eddo. Para combate corpo a corpo: dano base + modificador de For\u00e7a F\u00edsica. Para tiro: dano base + modificador de Perce\u00e7\u00e3o. Pontos de Vida (PV) Cada personagem tem Pontos de Vida (PV) calculados como 10 + atributo Resist\u00eancia. Quando os PV chegam a 0, a personagem fica inconsciente ou morta, dependendo do contexto. Esta n\u00e3o \u00e9 a vers\u00e3o definitiva do MANUAL X. Se quiseres ajud\u00e1-lo a desenvolver-se na sua forma \u00e9pica e completa, podes apoiar o projeto em buymeacoffee.com\/TheStarEmbassy. Voltar ao \u00edndice<\/p>\n","protected":false},"author":1,"featured_media":0,"parent":0,"menu_order":0,"comment_status":"closed","ping_status":"closed","template":"","meta":{"footnotes":""},"class_list":["post-2830","page","type-page","status-publish","hentry"],"yoast_head":"<!-- This site is optimized with the Yoast SEO plugin v27.4 - https:\/\/yoast.com\/product\/yoast-seo-wordpress\/ -->\n<title>Mec\u00e2nica de Combate para Personagens - MANUAL X - Jogo de RPG - THE STAR EMBASSY PT<\/title>\n<meta name=\"robots\" content=\"index, follow, max-snippet:-1, max-image-preview:large, max-video-preview:-1\" \/>\n<link rel=\"canonical\" href=\"https:\/\/the-starembassy.com\/pt\/mecanica-de-combate-para-personagens-manual-x-jogo-de-rpg\/\" \/>\n<meta property=\"og:locale\" content=\"pt_PT\" \/>\n<meta property=\"og:type\" content=\"article\" \/>\n<meta property=\"og:title\" content=\"Mec\u00e2nica de Combate para Personagens - MANUAL X - Jogo de RPG - THE STAR EMBASSY PT\" \/>\n<meta property=\"og:description\" content=\"MANUAL X RPG de Explora\u00e7\u00e3o Multidimensional e Despertar da Consci\u00eancia Jakub Qba Niegowski Mec\u00e2nica de Combate para Personagens Iniciativa Cada personagem lan\u00e7a 1d10 e adiciona o resultado ao seu atributo Destreza. As personagens agem em ordem do resultado mais alto para o mais baixo. A\u00e7\u00f5es no Turno Cada personagem tem 2 pontos de a\u00e7\u00e3o (PA) por turno. Cada a\u00e7\u00e3o custa 1 ponto de a\u00e7\u00e3o. A\u00e7\u00f5es poss\u00edveis: Movimento: Deslocar-se 5 metros. Disparo: Executar um ataque \u00e0 dist\u00e2ncia. Combate corpo a corpo: Executar um ataque em combate corpo a corpo. Troca de arma: Trocar a arma atualmente em uso. Cura: Usar um item de cura ou habilidade. Outras a\u00e7\u00f5es: A crit\u00e9rio do Mestre de Jogo. Ataques e Defesa Ataque: Lance 1d10 e adicione o atributo apropriado (For\u00e7a F\u00edsica para combate corpo a corpo, Perce\u00e7\u00e3o para tiro). Compare o resultado com o n\u00edvel de dificuldade 10. Se o resultado for igual ou superior a 10, o ataque acerta. Se o resultado for inferior, o ataque falha. Defesa: A personagem pode defender-se lan\u00e7ando 1d10 e adicionando o atributo Destreza. A defesa pode reduzir a efic\u00e1cia do ataque do advers\u00e1rio. Dano O dano depende da arma. Cada arma tem dano atribu\u00eddo. Para combate corpo a corpo: dano base + modificador de For\u00e7a F\u00edsica. Para tiro: dano base + modificador de Perce\u00e7\u00e3o. Pontos de Vida (PV) Cada personagem tem Pontos de Vida (PV) calculados como 10 + atributo Resist\u00eancia. Quando os PV chegam a 0, a personagem fica inconsciente ou morta, dependendo do contexto. Esta n\u00e3o \u00e9 a vers\u00e3o definitiva do MANUAL X. Se quiseres ajud\u00e1-lo a desenvolver-se na sua forma \u00e9pica e completa, podes apoiar o projeto em buymeacoffee.com\/TheStarEmbassy. Voltar ao \u00edndice\" \/>\n<meta property=\"og:url\" content=\"https:\/\/the-starembassy.com\/pt\/mecanica-de-combate-para-personagens-manual-x-jogo-de-rpg\/\" \/>\n<meta property=\"og:site_name\" content=\"THE STAR EMBASSY PT\" \/>\n<meta property=\"article:modified_time\" content=\"2026-02-23T11:37:54+00:00\" \/>\n<meta property=\"og:image\" content=\"https:\/\/the-starembassy.com\/pt\/wp-content\/uploads\/2025\/11\/15.webp\" \/>\n\t<meta property=\"og:image:width\" content=\"928\" \/>\n\t<meta property=\"og:image:height\" content=\"1232\" \/>\n\t<meta property=\"og:image:type\" content=\"image\/webp\" \/>\n<meta name=\"twitter:card\" content=\"summary_large_image\" \/>\n<meta name=\"twitter:label1\" content=\"Tempo estimado de leitura\" \/>\n\t<meta name=\"twitter:data1\" content=\"2 minutos\" \/>\n<script type=\"application\/ld+json\" class=\"yoast-schema-graph\">{\"@context\":\"https:\\\/\\\/schema.org\",\"@graph\":[{\"@type\":\"WebPage\",\"@id\":\"https:\\\/\\\/the-starembassy.com\\\/pt\\\/mecanica-de-combate-para-personagens-manual-x-jogo-de-rpg\\\/\",\"url\":\"https:\\\/\\\/the-starembassy.com\\\/pt\\\/mecanica-de-combate-para-personagens-manual-x-jogo-de-rpg\\\/\",\"name\":\"Mec\u00e2nica de Combate para Personagens - MANUAL X - Jogo de RPG - THE STAR EMBASSY PT\",\"isPartOf\":{\"@id\":\"https:\\\/\\\/the-starembassy.com\\\/pt\\\/#website\"},\"primaryImageOfPage\":{\"@id\":\"https:\\\/\\\/the-starembassy.com\\\/pt\\\/mecanica-de-combate-para-personagens-manual-x-jogo-de-rpg\\\/#primaryimage\"},\"image\":{\"@id\":\"https:\\\/\\\/the-starembassy.com\\\/pt\\\/mecanica-de-combate-para-personagens-manual-x-jogo-de-rpg\\\/#primaryimage\"},\"thumbnailUrl\":\"https:\\\/\\\/the-starembassy.com\\\/pt\\\/wp-content\\\/uploads\\\/2025\\\/11\\\/15.webp\",\"datePublished\":\"2025-11-26T15:08:29+00:00\",\"dateModified\":\"2026-02-23T11:37:54+00:00\",\"breadcrumb\":{\"@id\":\"https:\\\/\\\/the-starembassy.com\\\/pt\\\/mecanica-de-combate-para-personagens-manual-x-jogo-de-rpg\\\/#breadcrumb\"},\"inLanguage\":\"pt-PT\",\"potentialAction\":[{\"@type\":\"ReadAction\",\"target\":[\"https:\\\/\\\/the-starembassy.com\\\/pt\\\/mecanica-de-combate-para-personagens-manual-x-jogo-de-rpg\\\/\"]}]},{\"@type\":\"ImageObject\",\"inLanguage\":\"pt-PT\",\"@id\":\"https:\\\/\\\/the-starembassy.com\\\/pt\\\/mecanica-de-combate-para-personagens-manual-x-jogo-de-rpg\\\/#primaryimage\",\"url\":\"https:\\\/\\\/the-starembassy.com\\\/pt\\\/wp-content\\\/uploads\\\/2025\\\/11\\\/15.webp\",\"contentUrl\":\"https:\\\/\\\/the-starembassy.com\\\/pt\\\/wp-content\\\/uploads\\\/2025\\\/11\\\/15.webp\",\"width\":928,\"height\":1232},{\"@type\":\"BreadcrumbList\",\"@id\":\"https:\\\/\\\/the-starembassy.com\\\/pt\\\/mecanica-de-combate-para-personagens-manual-x-jogo-de-rpg\\\/#breadcrumb\",\"itemListElement\":[{\"@type\":\"ListItem\",\"position\":1,\"name\":\"Strona g\u0142\u00f3wna\",\"item\":\"https:\\\/\\\/the-starembassy.com\\\/pt\\\/\"},{\"@type\":\"ListItem\",\"position\":2,\"name\":\"Mec\u00e2nica de Combate para Personagens &#8211; MANUAL X &#8211; Jogo de RPG\"}]},{\"@type\":\"WebSite\",\"@id\":\"https:\\\/\\\/the-starembassy.com\\\/pt\\\/#website\",\"url\":\"https:\\\/\\\/the-starembassy.com\\\/pt\\\/\",\"name\":\"THE STAR EMBASSY PT\",\"description\":\"OVNI\\\/FAN, Seres Extraterrestres e Multidimensionais, Percep\u00e7\u00e3o Extrassensorial\",\"potentialAction\":[{\"@type\":\"SearchAction\",\"target\":{\"@type\":\"EntryPoint\",\"urlTemplate\":\"https:\\\/\\\/the-starembassy.com\\\/pt\\\/?s={search_term_string}\"},\"query-input\":{\"@type\":\"PropertyValueSpecification\",\"valueRequired\":true,\"valueName\":\"search_term_string\"}}],\"inLanguage\":\"pt-PT\"}]}<\/script>\n<!-- \/ Yoast SEO plugin. -->","yoast_head_json":{"title":"Mec\u00e2nica de Combate para Personagens - MANUAL X - Jogo de RPG - THE STAR EMBASSY PT","robots":{"index":"index","follow":"follow","max-snippet":"max-snippet:-1","max-image-preview":"max-image-preview:large","max-video-preview":"max-video-preview:-1"},"canonical":"https:\/\/the-starembassy.com\/pt\/mecanica-de-combate-para-personagens-manual-x-jogo-de-rpg\/","og_locale":"pt_PT","og_type":"article","og_title":"Mec\u00e2nica de Combate para Personagens - MANUAL X - Jogo de RPG - THE STAR EMBASSY PT","og_description":"MANUAL X RPG de Explora\u00e7\u00e3o Multidimensional e Despertar da Consci\u00eancia Jakub Qba Niegowski Mec\u00e2nica de Combate para Personagens Iniciativa Cada personagem lan\u00e7a 1d10 e adiciona o resultado ao seu atributo Destreza. As personagens agem em ordem do resultado mais alto para o mais baixo. A\u00e7\u00f5es no Turno Cada personagem tem 2 pontos de a\u00e7\u00e3o (PA) por turno. Cada a\u00e7\u00e3o custa 1 ponto de a\u00e7\u00e3o. A\u00e7\u00f5es poss\u00edveis: Movimento: Deslocar-se 5 metros. Disparo: Executar um ataque \u00e0 dist\u00e2ncia. Combate corpo a corpo: Executar um ataque em combate corpo a corpo. Troca de arma: Trocar a arma atualmente em uso. Cura: Usar um item de cura ou habilidade. Outras a\u00e7\u00f5es: A crit\u00e9rio do Mestre de Jogo. Ataques e Defesa Ataque: Lance 1d10 e adicione o atributo apropriado (For\u00e7a F\u00edsica para combate corpo a corpo, Perce\u00e7\u00e3o para tiro). Compare o resultado com o n\u00edvel de dificuldade 10. Se o resultado for igual ou superior a 10, o ataque acerta. Se o resultado for inferior, o ataque falha. Defesa: A personagem pode defender-se lan\u00e7ando 1d10 e adicionando o atributo Destreza. A defesa pode reduzir a efic\u00e1cia do ataque do advers\u00e1rio. Dano O dano depende da arma. Cada arma tem dano atribu\u00eddo. Para combate corpo a corpo: dano base + modificador de For\u00e7a F\u00edsica. Para tiro: dano base + modificador de Perce\u00e7\u00e3o. Pontos de Vida (PV) Cada personagem tem Pontos de Vida (PV) calculados como 10 + atributo Resist\u00eancia. Quando os PV chegam a 0, a personagem fica inconsciente ou morta, dependendo do contexto. Esta n\u00e3o \u00e9 a vers\u00e3o definitiva do MANUAL X. Se quiseres ajud\u00e1-lo a desenvolver-se na sua forma \u00e9pica e completa, podes apoiar o projeto em buymeacoffee.com\/TheStarEmbassy. Voltar ao \u00edndice","og_url":"https:\/\/the-starembassy.com\/pt\/mecanica-de-combate-para-personagens-manual-x-jogo-de-rpg\/","og_site_name":"THE STAR EMBASSY PT","article_modified_time":"2026-02-23T11:37:54+00:00","og_image":[{"width":928,"height":1232,"url":"https:\/\/the-starembassy.com\/pt\/wp-content\/uploads\/2025\/11\/15.webp","type":"image\/webp"}],"twitter_card":"summary_large_image","twitter_misc":{"Tempo estimado de leitura":"2 minutos"},"schema":{"@context":"https:\/\/schema.org","@graph":[{"@type":"WebPage","@id":"https:\/\/the-starembassy.com\/pt\/mecanica-de-combate-para-personagens-manual-x-jogo-de-rpg\/","url":"https:\/\/the-starembassy.com\/pt\/mecanica-de-combate-para-personagens-manual-x-jogo-de-rpg\/","name":"Mec\u00e2nica de Combate para Personagens - MANUAL X - Jogo de RPG - THE STAR EMBASSY PT","isPartOf":{"@id":"https:\/\/the-starembassy.com\/pt\/#website"},"primaryImageOfPage":{"@id":"https:\/\/the-starembassy.com\/pt\/mecanica-de-combate-para-personagens-manual-x-jogo-de-rpg\/#primaryimage"},"image":{"@id":"https:\/\/the-starembassy.com\/pt\/mecanica-de-combate-para-personagens-manual-x-jogo-de-rpg\/#primaryimage"},"thumbnailUrl":"https:\/\/the-starembassy.com\/pt\/wp-content\/uploads\/2025\/11\/15.webp","datePublished":"2025-11-26T15:08:29+00:00","dateModified":"2026-02-23T11:37:54+00:00","breadcrumb":{"@id":"https:\/\/the-starembassy.com\/pt\/mecanica-de-combate-para-personagens-manual-x-jogo-de-rpg\/#breadcrumb"},"inLanguage":"pt-PT","potentialAction":[{"@type":"ReadAction","target":["https:\/\/the-starembassy.com\/pt\/mecanica-de-combate-para-personagens-manual-x-jogo-de-rpg\/"]}]},{"@type":"ImageObject","inLanguage":"pt-PT","@id":"https:\/\/the-starembassy.com\/pt\/mecanica-de-combate-para-personagens-manual-x-jogo-de-rpg\/#primaryimage","url":"https:\/\/the-starembassy.com\/pt\/wp-content\/uploads\/2025\/11\/15.webp","contentUrl":"https:\/\/the-starembassy.com\/pt\/wp-content\/uploads\/2025\/11\/15.webp","width":928,"height":1232},{"@type":"BreadcrumbList","@id":"https:\/\/the-starembassy.com\/pt\/mecanica-de-combate-para-personagens-manual-x-jogo-de-rpg\/#breadcrumb","itemListElement":[{"@type":"ListItem","position":1,"name":"Strona g\u0142\u00f3wna","item":"https:\/\/the-starembassy.com\/pt\/"},{"@type":"ListItem","position":2,"name":"Mec\u00e2nica de Combate para Personagens &#8211; MANUAL X &#8211; Jogo de RPG"}]},{"@type":"WebSite","@id":"https:\/\/the-starembassy.com\/pt\/#website","url":"https:\/\/the-starembassy.com\/pt\/","name":"THE STAR EMBASSY PT","description":"OVNI\/FAN, Seres Extraterrestres e Multidimensionais, Percep\u00e7\u00e3o Extrassensorial","potentialAction":[{"@type":"SearchAction","target":{"@type":"EntryPoint","urlTemplate":"https:\/\/the-starembassy.com\/pt\/?s={search_term_string}"},"query-input":{"@type":"PropertyValueSpecification","valueRequired":true,"valueName":"search_term_string"}}],"inLanguage":"pt-PT"}]}},"_links":{"self":[{"href":"https:\/\/the-starembassy.com\/pt\/wp-json\/wp\/v2\/pages\/2830","targetHints":{"allow":["GET"]}}],"collection":[{"href":"https:\/\/the-starembassy.com\/pt\/wp-json\/wp\/v2\/pages"}],"about":[{"href":"https:\/\/the-starembassy.com\/pt\/wp-json\/wp\/v2\/types\/page"}],"author":[{"embeddable":true,"href":"https:\/\/the-starembassy.com\/pt\/wp-json\/wp\/v2\/users\/1"}],"replies":[{"embeddable":true,"href":"https:\/\/the-starembassy.com\/pt\/wp-json\/wp\/v2\/comments?post=2830"}],"version-history":[{"count":13,"href":"https:\/\/the-starembassy.com\/pt\/wp-json\/wp\/v2\/pages\/2830\/revisions"}],"predecessor-version":[{"id":4242,"href":"https:\/\/the-starembassy.com\/pt\/wp-json\/wp\/v2\/pages\/2830\/revisions\/4242"}],"wp:attachment":[{"href":"https:\/\/the-starembassy.com\/pt\/wp-json\/wp\/v2\/media?parent=2830"}],"curies":[{"name":"wp","href":"https:\/\/api.w.org\/{rel}","templated":true}]}}