{"id":3413,"date":"2026-01-19T13:55:26","date_gmt":"2026-01-19T13:55:26","guid":{"rendered":"https:\/\/the-starembassy.com\/pt\/?page_id=3413"},"modified":"2026-01-20T09:05:06","modified_gmt":"2026-01-20T09:05:06","slug":"lidere-a-comunidade-de-lingua-portuguesathe-star-embassy","status":"publish","type":"page","link":"https:\/\/the-starembassy.com\/pt\/lidere-a-comunidade-de-lingua-portuguesathe-star-embassy\/","title":{"rendered":"Lidere a comunidade de l\u00edngua portuguesaThe Star Embassy"},"content":{"rendered":"\t\t<div data-elementor-type=\"wp-page\" data-elementor-id=\"3413\" class=\"elementor elementor-3413\">\n\t\t\t\t<div class=\"elementor-element elementor-element-74b47a7 e-flex e-con-boxed wpr-particle-no wpr-jarallax-no wpr-parallax-no wpr-sticky-section-no wpr-equal-height-no e-con e-parent\" data-id=\"74b47a7\" data-element_type=\"container\" data-e-type=\"container\" data-settings=\"{&quot;background_background&quot;:&quot;classic&quot;}\">\n\t\t\t\t\t<div class=\"e-con-inner\">\n\t\t\t\t\t<\/div>\n\t\t\t\t<\/div>\n\t\t<div class=\"elementor-element elementor-element-e1801b4 e-flex e-con-boxed wpr-particle-no wpr-jarallax-no wpr-parallax-no wpr-sticky-section-no wpr-equal-height-no e-con e-parent\" data-id=\"e1801b4\" data-element_type=\"container\" data-e-type=\"container\" data-settings=\"{&quot;background_background&quot;:&quot;classic&quot;}\">\n\t\t\t\t\t<div class=\"e-con-inner\">\n\t\t\t\t<div class=\"elementor-element elementor-element-a574d06 elementor-widget elementor-widget-heading\" data-id=\"a574d06\" data-element_type=\"widget\" data-e-type=\"widget\" data-widget_type=\"heading.default\">\n\t\t\t\t<div class=\"elementor-widget-container\">\n\t\t\t\t\t<h1 class=\"elementor-heading-title elementor-size-default\">Lidere a comunidade de l\u00edngua portuguesa\nThe Star Embassy<\/h1>\t\t\t\t<\/div>\n\t\t\t\t<\/div>\n\t\t\t\t\t<\/div>\n\t\t\t\t<\/div>\n\t\t<div class=\"elementor-element elementor-element-fe101e0 e-flex e-con-boxed wpr-particle-no wpr-jarallax-no wpr-parallax-no wpr-sticky-section-no wpr-equal-height-no e-con e-parent\" data-id=\"fe101e0\" data-element_type=\"container\" data-e-type=\"container\" data-settings=\"{&quot;background_background&quot;:&quot;classic&quot;}\">\n\t\t\t\t\t<div class=\"e-con-inner\">\n\t\t\t\t<div class=\"elementor-element elementor-element-92b4b33 elementor-widget elementor-widget-text-editor\" data-id=\"92b4b33\" data-element_type=\"widget\" data-e-type=\"widget\" data-widget_type=\"text-editor.default\">\n\t\t\t\t<div class=\"elementor-widget-container\">\n\t\t\t\t\t\t\t\t\t<p>Estamos construindo a The Star Embassy &#8211; uma comunidade global e consciente, focada no desenvolvimento humano, no contato e no futuro da humanidade.<\/p><p>Neste momento, buscamos uma pessoa que assuma a lideran\u00e7a da comunidade de l\u00edngua portuguesa (Brasil e Portugal).<\/p>\t\t\t\t\t\t\t\t<\/div>\n\t\t\t\t<\/div>\n\t\t\t\t\t<\/div>\n\t\t\t\t<\/div>\n\t\t<div class=\"elementor-element elementor-element-b5556e1 e-flex e-con-boxed wpr-particle-no wpr-jarallax-no wpr-parallax-no wpr-sticky-section-no wpr-equal-height-no e-con e-parent\" data-id=\"b5556e1\" data-element_type=\"container\" data-e-type=\"container\" data-settings=\"{&quot;background_background&quot;:&quot;classic&quot;}\">\n\t\t\t\t\t<div class=\"e-con-inner\">\n\t\t\t\t<div class=\"elementor-element elementor-element-830690c elementor-widget elementor-widget-heading\" data-id=\"830690c\" data-element_type=\"widget\" data-e-type=\"widget\" data-widget_type=\"heading.default\">\n\t\t\t\t<div class=\"elementor-widget-container\">\n\t\t\t\t\t<h2 class=\"elementor-heading-title elementor-size-default\">Quem estamos procurando?<\/h2>\t\t\t\t<\/div>\n\t\t\t\t<\/div>\n\t\t\t\t\t<\/div>\n\t\t\t\t<\/div>\n\t\t<div class=\"elementor-element elementor-element-6d9eb69 e-flex e-con-boxed wpr-particle-no wpr-jarallax-no wpr-parallax-no wpr-sticky-section-no wpr-equal-height-no e-con e-parent\" data-id=\"6d9eb69\" data-element_type=\"container\" data-e-type=\"container\" data-settings=\"{&quot;background_background&quot;:&quot;classic&quot;}\">\n\t\t\t\t\t<div class=\"e-con-inner\">\n\t\t\t\t<div class=\"elementor-element elementor-element-4ed653b elementor-widget elementor-widget-text-editor\" data-id=\"4ed653b\" data-element_type=\"widget\" data-e-type=\"widget\" data-widget_type=\"text-editor.default\">\n\t\t\t\t<div class=\"elementor-widget-container\">\n\t\t\t\t\t\t\t\t\t<p>Buscamos uma pessoa para o cargo de<br \/><strong>Community Manager<\/strong> \/ <strong>L\u00edder de Comunidade<\/strong> (Regional Community Lead)<br \/>para a comunidade de l\u00edngua portuguesa (Brasil e Portugal).<\/p>\t\t\t\t\t\t\t\t<\/div>\n\t\t\t\t<\/div>\n\t\t\t\t\t<\/div>\n\t\t\t\t<\/div>\n\t\t<div class=\"elementor-element elementor-element-ee627b3 e-flex e-con-boxed wpr-particle-no wpr-jarallax-no wpr-parallax-no wpr-sticky-section-no wpr-equal-height-no e-con e-parent\" data-id=\"ee627b3\" data-element_type=\"container\" data-e-type=\"container\" data-settings=\"{&quot;background_background&quot;:&quot;classic&quot;}\">\n\t\t\t\t\t<div class=\"e-con-inner\">\n\t\t\t\t<div class=\"elementor-element elementor-element-8ac84dd elementor-widget elementor-widget-heading\" data-id=\"8ac84dd\" data-element_type=\"widget\" data-e-type=\"widget\" data-widget_type=\"heading.default\">\n\t\t\t\t<div class=\"elementor-widget-container\">\n\t\t\t\t\t<h2 class=\"elementor-heading-title elementor-size-default\">Sua fun\u00e7\u00e3o<\/h2>\t\t\t\t<\/div>\n\t\t\t\t<\/div>\n\t\t\t\t\t<\/div>\n\t\t\t\t<\/div>\n\t\t<div class=\"elementor-element elementor-element-dd4e30a e-flex e-con-boxed wpr-particle-no wpr-jarallax-no wpr-parallax-no wpr-sticky-section-no wpr-equal-height-no e-con e-parent\" data-id=\"dd4e30a\" data-element_type=\"container\" data-e-type=\"container\" data-settings=\"{&quot;background_background&quot;:&quot;classic&quot;}\">\n\t\t\t\t\t<div class=\"e-con-inner\">\n\t\t\t\t<div class=\"elementor-element elementor-element-afd8c8a elementor-widget elementor-widget-text-editor\" data-id=\"afd8c8a\" data-element_type=\"widget\" data-e-type=\"widget\" data-widget_type=\"text-editor.default\">\n\t\t\t\t<div class=\"elementor-widget-container\">\n\t\t\t\t\t\t\t\t\t<ul><li>Gerenciar e moderar grupos no Facebook e no Telegram<\/li><li>Ativar e engajar a comunidade por meio de discuss\u00f5es, iniciativas e eventos<\/li><li>Cuidar de um ambiente saud\u00e1vel, respeitoso e alinhado com a miss\u00e3o da The Star Embassy<\/li><li>Ter impacto real na dire\u00e7\u00e3o, no crescimento e na cultura da comunidade<\/li><\/ul>\t\t\t\t\t\t\t\t<\/div>\n\t\t\t\t<\/div>\n\t\t\t\t\t<\/div>\n\t\t\t\t<\/div>\n\t\t<div class=\"elementor-element elementor-element-748d83a e-flex e-con-boxed wpr-particle-no wpr-jarallax-no wpr-parallax-no wpr-sticky-section-no wpr-equal-height-no e-con e-parent\" data-id=\"748d83a\" data-element_type=\"container\" data-e-type=\"container\" data-settings=\"{&quot;background_background&quot;:&quot;classic&quot;}\">\n\t\t\t\t\t<div class=\"e-con-inner\">\n\t\t\t\t<div class=\"elementor-element elementor-element-9034c3d elementor-widget elementor-widget-heading\" data-id=\"9034c3d\" data-element_type=\"widget\" data-e-type=\"widget\" data-widget_type=\"heading.default\">\n\t\t\t\t<div class=\"elementor-widget-container\">\n\t\t\t\t\t<h2 class=\"elementor-heading-title elementor-size-default\">O que oferecemos<\/h2>\t\t\t\t<\/div>\n\t\t\t\t<\/div>\n\t\t\t\t\t<\/div>\n\t\t\t\t<\/div>\n\t\t<div class=\"elementor-element elementor-element-3f079c0 e-flex e-con-boxed wpr-particle-no wpr-jarallax-no wpr-parallax-no wpr-sticky-section-no wpr-equal-height-no e-con e-parent\" data-id=\"3f079c0\" data-element_type=\"container\" data-e-type=\"container\" data-settings=\"{&quot;background_background&quot;:&quot;classic&quot;}\">\n\t\t\t\t\t<div class=\"e-con-inner\">\n\t\t\t\t<div class=\"elementor-element elementor-element-abc8b57 elementor-widget elementor-widget-text-editor\" data-id=\"abc8b57\" data-element_type=\"widget\" data-e-type=\"widget\" data-widget_type=\"text-editor.default\">\n\t\t\t\t<div class=\"elementor-widget-container\">\n\t\t\t\t\t\t\t\t\t<ul><li>Alta autonomia e liberdade de a\u00e7\u00e3o, sem microgerenciamento<\/li><li>Participa\u00e7\u00e3o em um projeto internacional com uma vis\u00e3o \u00fanica<\/li><li>Oportunidade de crescimento como l\u00edder, organizador e construtor de comunidades<\/li><li>Uma experi\u00eancia que realmente tem significado<\/li><\/ul>\t\t\t\t\t\t\t\t<\/div>\n\t\t\t\t<\/div>\n\t\t\t\t\t<\/div>\n\t\t\t\t<\/div>\n\t\t<div class=\"elementor-element elementor-element-2c47a7d e-flex e-con-boxed wpr-particle-no wpr-jarallax-no wpr-parallax-no wpr-sticky-section-no wpr-equal-height-no e-con e-parent\" data-id=\"2c47a7d\" data-element_type=\"container\" data-e-type=\"container\" data-settings=\"{&quot;background_background&quot;:&quot;classic&quot;}\">\n\t\t\t\t\t<div class=\"e-con-inner\">\n\t\t\t\t<div class=\"elementor-element elementor-element-1459f2d elementor-widget elementor-widget-heading\" data-id=\"1459f2d\" data-element_type=\"widget\" data-e-type=\"widget\" data-widget_type=\"heading.default\">\n\t\t\t\t<div class=\"elementor-widget-container\">\n\t\t\t\t\t<h2 class=\"elementor-heading-title elementor-size-default\">Requisitos<\/h2>\t\t\t\t<\/div>\n\t\t\t\t<\/div>\n\t\t\t\t\t<\/div>\n\t\t\t\t<\/div>\n\t\t<div class=\"elementor-element elementor-element-592802c e-flex e-con-boxed wpr-particle-no wpr-jarallax-no wpr-parallax-no wpr-sticky-section-no wpr-equal-height-no e-con e-parent\" data-id=\"592802c\" data-element_type=\"container\" data-e-type=\"container\" data-settings=\"{&quot;background_background&quot;:&quot;classic&quot;}\">\n\t\t\t\t\t<div class=\"e-con-inner\">\n\t\t\t\t<div class=\"elementor-element elementor-element-94908f2 elementor-widget elementor-widget-text-editor\" data-id=\"94908f2\" data-element_type=\"widget\" data-e-type=\"widget\" data-widget_type=\"text-editor.default\">\n\t\t\t\t<div class=\"elementor-widget-container\">\n\t\t\t\t\t\t\t\t\t<ul><li>Comprometimento e senso de responsabilidade<\/li><li>Boa comunica\u00e7\u00e3o e facilidade para trabalhar com pessoas<\/li><li>Conhecimento de ingl\u00eas \u00e9 desej\u00e1vel, mas n\u00e3o \u00e9 obrigat\u00f3rio<\/li><\/ul>\t\t\t\t\t\t\t\t<\/div>\n\t\t\t\t<\/div>\n\t\t\t\t\t<\/div>\n\t\t\t\t<\/div>\n\t\t<div class=\"elementor-element elementor-element-914d69e e-flex e-con-boxed wpr-particle-no wpr-jarallax-no wpr-parallax-no wpr-sticky-section-no wpr-equal-height-no e-con e-parent\" data-id=\"914d69e\" data-element_type=\"container\" data-e-type=\"container\" data-settings=\"{&quot;background_background&quot;:&quot;classic&quot;}\">\n\t\t\t\t\t<div class=\"e-con-inner\">\n\t\t\t\t<div class=\"elementor-element elementor-element-b6a3784 elementor-widget elementor-widget-heading\" data-id=\"b6a3784\" data-element_type=\"widget\" data-e-type=\"widget\" data-widget_type=\"heading.default\">\n\t\t\t\t<div class=\"elementor-widget-container\">\n\t\t\t\t\t<h2 class=\"elementor-heading-title elementor-size-default\">Interessado(a)? Entre em contato<\/h2>\t\t\t\t<\/div>\n\t\t\t\t<\/div>\n\t\t\t\t\t<\/div>\n\t\t\t\t<\/div>\n\t\t<div class=\"elementor-element elementor-element-2ffe190 e-flex e-con-boxed wpr-particle-no wpr-jarallax-no wpr-parallax-no wpr-sticky-section-no wpr-equal-height-no e-con e-parent\" data-id=\"2ffe190\" data-element_type=\"container\" data-e-type=\"container\" data-settings=\"{&quot;background_background&quot;:&quot;classic&quot;}\">\n\t\t\t\t\t<div class=\"e-con-inner\">\n\t\t\t\t<div class=\"elementor-element elementor-element-13a840b elementor-widget elementor-widget-text-editor\" data-id=\"13a840b\" data-element_type=\"widget\" data-e-type=\"widget\" data-widget_type=\"text-editor.default\">\n\t\t\t\t<div class=\"elementor-widget-container\">\n\t\t\t\t\t\t\t\t\t<p>Se voc\u00ea deseja fazer parte da The Star Embassy, envie um e-mail para:<br \/>contact@the-starembassy.com<\/p><p>Na mensagem, inclua:<\/p><ul><li>Nome e sobrenome<\/li><li>Idade<\/li><li>Pa\u00eds \/ regi\u00e3o<\/li><li>Uma foto (simples e natural, sem formalidades)<\/li><li><strong>Experi\u00eancia relacionada \u00e0 fun\u00e7\u00e3o de Community Manager e\/ou L\u00edder de Comunidade<\/strong>, detalhando o alcance e tipos de atividades que voc\u00ea realizou<\/li><li><strong>Conhecimento nos temas abordados pela The Star Embassy<\/strong> (desenvolvimento humano, consci\u00eancia, explora\u00e7\u00e3o, contato, etc.)<\/li><li>Algumas linhas sobre sua motiva\u00e7\u00e3o &#8211; por que voc\u00ea quer liderar a comunidade de l\u00edngua portuguesa da The Star Embassy<\/li><li>N\u00edvel de ingl\u00eas (b\u00e1sico, intermedi\u00e1rio, avan\u00e7ado, fluente)<\/li><\/ul><p><br \/>N\u00e3o buscamos curr\u00edculos perfeitos.<br \/>Buscamos pessoas que sentem o prop\u00f3sito e querem construir algo maior.<\/p>\t\t\t\t\t\t\t\t<\/div>\n\t\t\t\t<\/div>\n\t\t\t\t\t<\/div>\n\t\t\t\t<\/div>\n\t\t\t\t<\/div>\n\t\t","protected":false},"excerpt":{"rendered":"<p>Lidere a comunidade de l\u00edngua portuguesa The Star Embassy Estamos construindo a The Star Embassy &#8211; uma comunidade global e consciente, focada no desenvolvimento humano, no contato e no futuro da humanidade. Neste momento, buscamos uma pessoa que assuma a lideran\u00e7a da comunidade de l\u00edngua portuguesa (Brasil e Portugal). Quem estamos procurando? Buscamos uma pessoa para o cargo deCommunity Manager \/ L\u00edder de Comunidade (Regional Community Lead)para a comunidade de l\u00edngua portuguesa (Brasil e Portugal). Sua fun\u00e7\u00e3o Gerenciar e moderar grupos no Facebook e no Telegram Ativar e engajar a comunidade por meio de discuss\u00f5es, iniciativas e eventos Cuidar de um ambiente saud\u00e1vel, respeitoso e alinhado com a miss\u00e3o da The Star Embassy Ter impacto real na dire\u00e7\u00e3o, no crescimento e na cultura da comunidade O que oferecemos Alta autonomia e liberdade de a\u00e7\u00e3o, sem microgerenciamento Participa\u00e7\u00e3o em um projeto internacional com uma vis\u00e3o \u00fanica Oportunidade de crescimento como l\u00edder, organizador e construtor de comunidades Uma experi\u00eancia que realmente tem significado Requisitos Comprometimento e senso de responsabilidade Boa comunica\u00e7\u00e3o e facilidade para trabalhar com pessoas Conhecimento de ingl\u00eas \u00e9 desej\u00e1vel, mas n\u00e3o \u00e9 obrigat\u00f3rio Interessado(a)? Entre em contato Se voc\u00ea deseja fazer parte da The Star Embassy, envie um e-mail para:contact@the-starembassy.com Na mensagem, inclua: Nome e sobrenome Idade Pa\u00eds \/ regi\u00e3o Uma foto (simples e natural, sem formalidades) Experi\u00eancia relacionada \u00e0 fun\u00e7\u00e3o de Community Manager e\/ou L\u00edder de Comunidade, detalhando o alcance e tipos de atividades que voc\u00ea realizou Conhecimento nos temas abordados pela The Star Embassy (desenvolvimento humano, consci\u00eancia, explora\u00e7\u00e3o, contato, etc.) Algumas linhas sobre sua motiva\u00e7\u00e3o &#8211; por que voc\u00ea quer liderar a comunidade de l\u00edngua portuguesa da The Star Embassy N\u00edvel de ingl\u00eas (b\u00e1sico, intermedi\u00e1rio, avan\u00e7ado, fluente) N\u00e3o buscamos curr\u00edculos perfeitos.Buscamos pessoas que sentem o prop\u00f3sito e querem construir algo maior.<\/p>\n","protected":false},"author":1,"featured_media":0,"parent":0,"menu_order":0,"comment_status":"closed","ping_status":"closed","template":"","meta":{"footnotes":""},"class_list":["post-3413","page","type-page","status-publish","hentry"],"yoast_head":"<!-- This site is optimized with the Yoast SEO plugin v27.4 - https:\/\/yoast.com\/product\/yoast-seo-wordpress\/ -->\n<title>Lidere a comunidade de l\u00edngua portuguesaThe Star Embassy - THE STAR EMBASSY PT<\/title>\n<meta name=\"robots\" content=\"index, follow, max-snippet:-1, max-image-preview:large, max-video-preview:-1\" \/>\n<link rel=\"canonical\" href=\"https:\/\/the-starembassy.com\/pt\/lidere-a-comunidade-de-lingua-portuguesathe-star-embassy\/\" \/>\n<meta property=\"og:locale\" content=\"pt_PT\" \/>\n<meta property=\"og:type\" content=\"article\" \/>\n<meta property=\"og:title\" content=\"Lidere a comunidade de l\u00edngua portuguesaThe Star Embassy - THE STAR EMBASSY PT\" \/>\n<meta property=\"og:description\" content=\"Lidere a comunidade de l\u00edngua portuguesa The Star Embassy Estamos construindo a The Star Embassy &#8211; uma comunidade global e consciente, focada no desenvolvimento humano, no contato e no futuro da humanidade. Neste momento, buscamos uma pessoa que assuma a lideran\u00e7a da comunidade de l\u00edngua portuguesa (Brasil e Portugal). Quem estamos procurando? Buscamos uma pessoa para o cargo deCommunity Manager \/ L\u00edder de Comunidade (Regional Community Lead)para a comunidade de l\u00edngua portuguesa (Brasil e Portugal). Sua fun\u00e7\u00e3o Gerenciar e moderar grupos no Facebook e no Telegram Ativar e engajar a comunidade por meio de discuss\u00f5es, iniciativas e eventos Cuidar de um ambiente saud\u00e1vel, respeitoso e alinhado com a miss\u00e3o da The Star Embassy Ter impacto real na dire\u00e7\u00e3o, no crescimento e na cultura da comunidade O que oferecemos Alta autonomia e liberdade de a\u00e7\u00e3o, sem microgerenciamento Participa\u00e7\u00e3o em um projeto internacional com uma vis\u00e3o \u00fanica Oportunidade de crescimento como l\u00edder, organizador e construtor de comunidades Uma experi\u00eancia que realmente tem significado Requisitos Comprometimento e senso de responsabilidade Boa comunica\u00e7\u00e3o e facilidade para trabalhar com pessoas Conhecimento de ingl\u00eas \u00e9 desej\u00e1vel, mas n\u00e3o \u00e9 obrigat\u00f3rio Interessado(a)? Entre em contato Se voc\u00ea deseja fazer parte da The Star Embassy, envie um e-mail para:contact@the-starembassy.com Na mensagem, inclua: Nome e sobrenome Idade Pa\u00eds \/ regi\u00e3o Uma foto (simples e natural, sem formalidades) Experi\u00eancia relacionada \u00e0 fun\u00e7\u00e3o de Community Manager e\/ou L\u00edder de Comunidade, detalhando o alcance e tipos de atividades que voc\u00ea realizou Conhecimento nos temas abordados pela The Star Embassy (desenvolvimento humano, consci\u00eancia, explora\u00e7\u00e3o, contato, etc.) Algumas linhas sobre sua motiva\u00e7\u00e3o &#8211; por que voc\u00ea quer liderar a comunidade de l\u00edngua portuguesa da The Star Embassy N\u00edvel de ingl\u00eas (b\u00e1sico, intermedi\u00e1rio, avan\u00e7ado, fluente) N\u00e3o buscamos curr\u00edculos perfeitos.Buscamos pessoas que sentem o prop\u00f3sito e querem construir algo maior.\" \/>\n<meta property=\"og:url\" content=\"https:\/\/the-starembassy.com\/pt\/lidere-a-comunidade-de-lingua-portuguesathe-star-embassy\/\" \/>\n<meta property=\"og:site_name\" content=\"THE STAR EMBASSY PT\" \/>\n<meta property=\"article:modified_time\" content=\"2026-01-20T09:05:06+00:00\" \/>\n<meta name=\"twitter:card\" content=\"summary_large_image\" \/>\n<meta name=\"twitter:label1\" content=\"Tempo estimado de leitura\" \/>\n\t<meta name=\"twitter:data1\" content=\"2 minutos\" \/>\n<script type=\"application\/ld+json\" class=\"yoast-schema-graph\">{\"@context\":\"https:\\\/\\\/schema.org\",\"@graph\":[{\"@type\":\"WebPage\",\"@id\":\"https:\\\/\\\/the-starembassy.com\\\/pt\\\/lidere-a-comunidade-de-lingua-portuguesathe-star-embassy\\\/\",\"url\":\"https:\\\/\\\/the-starembassy.com\\\/pt\\\/lidere-a-comunidade-de-lingua-portuguesathe-star-embassy\\\/\",\"name\":\"Lidere a comunidade de l\u00edngua portuguesaThe Star Embassy - THE STAR EMBASSY PT\",\"isPartOf\":{\"@id\":\"https:\\\/\\\/the-starembassy.com\\\/pt\\\/#website\"},\"datePublished\":\"2026-01-19T13:55:26+00:00\",\"dateModified\":\"2026-01-20T09:05:06+00:00\",\"breadcrumb\":{\"@id\":\"https:\\\/\\\/the-starembassy.com\\\/pt\\\/lidere-a-comunidade-de-lingua-portuguesathe-star-embassy\\\/#breadcrumb\"},\"inLanguage\":\"pt-PT\",\"potentialAction\":[{\"@type\":\"ReadAction\",\"target\":[\"https:\\\/\\\/the-starembassy.com\\\/pt\\\/lidere-a-comunidade-de-lingua-portuguesathe-star-embassy\\\/\"]}]},{\"@type\":\"BreadcrumbList\",\"@id\":\"https:\\\/\\\/the-starembassy.com\\\/pt\\\/lidere-a-comunidade-de-lingua-portuguesathe-star-embassy\\\/#breadcrumb\",\"itemListElement\":[{\"@type\":\"ListItem\",\"position\":1,\"name\":\"Strona g\u0142\u00f3wna\",\"item\":\"https:\\\/\\\/the-starembassy.com\\\/pt\\\/\"},{\"@type\":\"ListItem\",\"position\":2,\"name\":\"Lidere a comunidade de l\u00edngua portuguesaThe Star Embassy\"}]},{\"@type\":\"WebSite\",\"@id\":\"https:\\\/\\\/the-starembassy.com\\\/pt\\\/#website\",\"url\":\"https:\\\/\\\/the-starembassy.com\\\/pt\\\/\",\"name\":\"THE STAR EMBASSY PT\",\"description\":\"OVNI\\\/FAN, Seres Extraterrestres e Multidimensionais, Percep\u00e7\u00e3o Extrassensorial\",\"potentialAction\":[{\"@type\":\"SearchAction\",\"target\":{\"@type\":\"EntryPoint\",\"urlTemplate\":\"https:\\\/\\\/the-starembassy.com\\\/pt\\\/?s={search_term_string}\"},\"query-input\":{\"@type\":\"PropertyValueSpecification\",\"valueRequired\":true,\"valueName\":\"search_term_string\"}}],\"inLanguage\":\"pt-PT\"}]}<\/script>\n<!-- \/ Yoast SEO plugin. -->","yoast_head_json":{"title":"Lidere a comunidade de l\u00edngua portuguesaThe Star Embassy - THE STAR EMBASSY PT","robots":{"index":"index","follow":"follow","max-snippet":"max-snippet:-1","max-image-preview":"max-image-preview:large","max-video-preview":"max-video-preview:-1"},"canonical":"https:\/\/the-starembassy.com\/pt\/lidere-a-comunidade-de-lingua-portuguesathe-star-embassy\/","og_locale":"pt_PT","og_type":"article","og_title":"Lidere a comunidade de l\u00edngua portuguesaThe Star Embassy - THE STAR EMBASSY PT","og_description":"Lidere a comunidade de l\u00edngua portuguesa The Star Embassy Estamos construindo a The Star Embassy &#8211; uma comunidade global e consciente, focada no desenvolvimento humano, no contato e no futuro da humanidade. Neste momento, buscamos uma pessoa que assuma a lideran\u00e7a da comunidade de l\u00edngua portuguesa (Brasil e Portugal). Quem estamos procurando? Buscamos uma pessoa para o cargo deCommunity Manager \/ L\u00edder de Comunidade (Regional Community Lead)para a comunidade de l\u00edngua portuguesa (Brasil e Portugal). Sua fun\u00e7\u00e3o Gerenciar e moderar grupos no Facebook e no Telegram Ativar e engajar a comunidade por meio de discuss\u00f5es, iniciativas e eventos Cuidar de um ambiente saud\u00e1vel, respeitoso e alinhado com a miss\u00e3o da The Star Embassy Ter impacto real na dire\u00e7\u00e3o, no crescimento e na cultura da comunidade O que oferecemos Alta autonomia e liberdade de a\u00e7\u00e3o, sem microgerenciamento Participa\u00e7\u00e3o em um projeto internacional com uma vis\u00e3o \u00fanica Oportunidade de crescimento como l\u00edder, organizador e construtor de comunidades Uma experi\u00eancia que realmente tem significado Requisitos Comprometimento e senso de responsabilidade Boa comunica\u00e7\u00e3o e facilidade para trabalhar com pessoas Conhecimento de ingl\u00eas \u00e9 desej\u00e1vel, mas n\u00e3o \u00e9 obrigat\u00f3rio Interessado(a)? Entre em contato Se voc\u00ea deseja fazer parte da The Star Embassy, envie um e-mail para:contact@the-starembassy.com Na mensagem, inclua: Nome e sobrenome Idade Pa\u00eds \/ regi\u00e3o Uma foto (simples e natural, sem formalidades) Experi\u00eancia relacionada \u00e0 fun\u00e7\u00e3o de Community Manager e\/ou L\u00edder de Comunidade, detalhando o alcance e tipos de atividades que voc\u00ea realizou Conhecimento nos temas abordados pela The Star Embassy (desenvolvimento humano, consci\u00eancia, explora\u00e7\u00e3o, contato, etc.) Algumas linhas sobre sua motiva\u00e7\u00e3o &#8211; por que voc\u00ea quer liderar a comunidade de l\u00edngua portuguesa da The Star Embassy N\u00edvel de ingl\u00eas (b\u00e1sico, intermedi\u00e1rio, avan\u00e7ado, fluente) N\u00e3o buscamos curr\u00edculos perfeitos.Buscamos pessoas que sentem o prop\u00f3sito e querem construir algo maior.","og_url":"https:\/\/the-starembassy.com\/pt\/lidere-a-comunidade-de-lingua-portuguesathe-star-embassy\/","og_site_name":"THE STAR EMBASSY PT","article_modified_time":"2026-01-20T09:05:06+00:00","twitter_card":"summary_large_image","twitter_misc":{"Tempo estimado de leitura":"2 minutos"},"schema":{"@context":"https:\/\/schema.org","@graph":[{"@type":"WebPage","@id":"https:\/\/the-starembassy.com\/pt\/lidere-a-comunidade-de-lingua-portuguesathe-star-embassy\/","url":"https:\/\/the-starembassy.com\/pt\/lidere-a-comunidade-de-lingua-portuguesathe-star-embassy\/","name":"Lidere a comunidade de l\u00edngua portuguesaThe Star Embassy - THE STAR EMBASSY PT","isPartOf":{"@id":"https:\/\/the-starembassy.com\/pt\/#website"},"datePublished":"2026-01-19T13:55:26+00:00","dateModified":"2026-01-20T09:05:06+00:00","breadcrumb":{"@id":"https:\/\/the-starembassy.com\/pt\/lidere-a-comunidade-de-lingua-portuguesathe-star-embassy\/#breadcrumb"},"inLanguage":"pt-PT","potentialAction":[{"@type":"ReadAction","target":["https:\/\/the-starembassy.com\/pt\/lidere-a-comunidade-de-lingua-portuguesathe-star-embassy\/"]}]},{"@type":"BreadcrumbList","@id":"https:\/\/the-starembassy.com\/pt\/lidere-a-comunidade-de-lingua-portuguesathe-star-embassy\/#breadcrumb","itemListElement":[{"@type":"ListItem","position":1,"name":"Strona g\u0142\u00f3wna","item":"https:\/\/the-starembassy.com\/pt\/"},{"@type":"ListItem","position":2,"name":"Lidere a comunidade de l\u00edngua portuguesaThe Star Embassy"}]},{"@type":"WebSite","@id":"https:\/\/the-starembassy.com\/pt\/#website","url":"https:\/\/the-starembassy.com\/pt\/","name":"THE STAR EMBASSY PT","description":"OVNI\/FAN, Seres Extraterrestres e Multidimensionais, Percep\u00e7\u00e3o Extrassensorial","potentialAction":[{"@type":"SearchAction","target":{"@type":"EntryPoint","urlTemplate":"https:\/\/the-starembassy.com\/pt\/?s={search_term_string}"},"query-input":{"@type":"PropertyValueSpecification","valueRequired":true,"valueName":"search_term_string"}}],"inLanguage":"pt-PT"}]}},"_links":{"self":[{"href":"https:\/\/the-starembassy.com\/pt\/wp-json\/wp\/v2\/pages\/3413","targetHints":{"allow":["GET"]}}],"collection":[{"href":"https:\/\/the-starembassy.com\/pt\/wp-json\/wp\/v2\/pages"}],"about":[{"href":"https:\/\/the-starembassy.com\/pt\/wp-json\/wp\/v2\/types\/page"}],"author":[{"embeddable":true,"href":"https:\/\/the-starembassy.com\/pt\/wp-json\/wp\/v2\/users\/1"}],"replies":[{"embeddable":true,"href":"https:\/\/the-starembassy.com\/pt\/wp-json\/wp\/v2\/comments?post=3413"}],"version-history":[{"count":40,"href":"https:\/\/the-starembassy.com\/pt\/wp-json\/wp\/v2\/pages\/3413\/revisions"}],"predecessor-version":[{"id":3512,"href":"https:\/\/the-starembassy.com\/pt\/wp-json\/wp\/v2\/pages\/3413\/revisions\/3512"}],"wp:attachment":[{"href":"https:\/\/the-starembassy.com\/pt\/wp-json\/wp\/v2\/media?parent=3413"}],"curies":[{"name":"wp","href":"https:\/\/api.w.org\/{rel}","templated":true}]}}